{"id":15519,"date":"2021-08-16T03:41:29","date_gmt":"2021-08-16T00:41:29","guid":{"rendered":"https:\/\/hakanyanar.com\/contact"},"modified":"2025-06-08T19:02:59","modified_gmt":"2025-06-08T16:02:59","slug":"contact","status":"publish","type":"page","link":"https:\/\/www.hakanyanar.com\/fr\/contact\/","title":{"rendered":"Contact"},"content":{"rendered":"\t\t<div data-elementor-type=\"wp-page\" data-elementor-id=\"15519\" class=\"elementor elementor-15519 elementor-1483\" data-elementor-post-type=\"page\">\n\t\t\t\t\t\t<section class=\"elementor-section elementor-top-section elementor-element elementor-element-c29001c elementor-section-full_width elementor-section-height-default elementor-section-height-default\" data-id=\"c29001c\" data-element_type=\"section\" data-e-type=\"section\" data-settings=\"{&quot;background_background&quot;:&quot;classic&quot;,&quot;animation&quot;:&quot;none&quot;}\">\n\t\t\t\t\t\t<div class=\"elementor-container elementor-column-gap-no\">\n\t\t\t\t\t<div class=\"elementor-column elementor-col-100 elementor-top-column elementor-element elementor-element-37cbdf4\" data-id=\"37cbdf4\" data-element_type=\"column\" data-e-type=\"column\">\n\t\t\t<div class=\"elementor-widget-wrap elementor-element-populated\">\n\t\t\t\t\t\t<section class=\"elementor-section elementor-inner-section elementor-element elementor-element-90ca866 elementor-section-boxed elementor-section-height-default elementor-section-height-default\" data-id=\"90ca866\" data-element_type=\"section\" data-e-type=\"section\" data-settings=\"{&quot;background_background&quot;:&quot;classic&quot;}\">\n\t\t\t\t\t\t<div class=\"elementor-container elementor-column-gap-no\">\n\t\t\t\t\t<div class=\"elementor-column elementor-col-50 elementor-inner-column elementor-element elementor-element-73fff28\" data-id=\"73fff28\" data-element_type=\"column\" data-e-type=\"column\" data-settings=\"{&quot;background_background&quot;:&quot;classic&quot;}\">\n\t\t\t<div class=\"elementor-widget-wrap elementor-element-populated\">\n\t\t\t\t\t\t<div class=\"elementor-element elementor-element-608d28f elementor-widget elementor-widget-google_maps\" data-id=\"608d28f\" data-element_type=\"widget\" data-e-type=\"widget\" data-widget_type=\"google_maps.default\">\n\t\t\t\t<div class=\"elementor-widget-container\">\n\t\t\t\t\t\t\t<div class=\"elementor-custom-embed\">\n\t\t\t<iframe loading=\"lazy\"\n\t\t\t\t\tsrc=\"https:\/\/maps.google.com\/maps?q=Liv%20Ulus&#038;t=m&#038;z=10&#038;output=embed&#038;iwloc=near\"\n\t\t\t\t\ttitle=\"Liv Ulus\"\n\t\t\t\t\taria-label=\"Liv Ulus\"\n\t\t\t><\/iframe>\n\t\t<\/div>\n\t\t\t\t\t\t<\/div>\n\t\t\t\t<\/div>\n\t\t\t\t\t<\/div>\n\t\t<\/div>\n\t\t\t\t<div class=\"elementor-column elementor-col-50 elementor-inner-column elementor-element elementor-element-80aabbe animated-slow\" data-id=\"80aabbe\" data-element_type=\"column\" data-e-type=\"column\" data-settings=\"{&quot;animation&quot;:&quot;none&quot;,&quot;background_background&quot;:&quot;classic&quot;}\">\n\t\t\t<div class=\"elementor-widget-wrap elementor-element-populated\">\n\t\t\t\t\t\t<div class=\"elementor-element elementor-element-df3b620 elementor-widget elementor-widget-heading\" data-id=\"df3b620\" data-element_type=\"widget\" data-e-type=\"widget\" data-widget_type=\"heading.default\">\n\t\t\t\t<div class=\"elementor-widget-container\">\n\t\t\t\t\t<h2 class=\"elementor-heading-title elementor-size-default\">Contact<\/h2>\t\t\t\t<\/div>\n\t\t\t\t<\/div>\n\t\t\t\t<div class=\"elementor-element elementor-element-da47948 elementor-widget elementor-widget-text-editor\" data-id=\"da47948\" data-element_type=\"widget\" data-e-type=\"widget\" data-widget_type=\"text-editor.default\">\n\t\t\t\t<div class=\"elementor-widget-container\">\n\t\t\t\t\t\t\t\t\t<p>Pour prendre rendez-vous, vous pouvez nous contacter en appelant le +90 532 353 92 47 ou en envoyant un message via whatsapp.<\/p>\t\t\t\t\t\t\t\t<\/div>\n\t\t\t\t<\/div>\n\t\t\t\t<div class=\"elementor-element elementor-element-6850f0d elementor-widget elementor-widget-shortcode\" data-id=\"6850f0d\" data-element_type=\"widget\" data-e-type=\"widget\" data-widget_type=\"shortcode.default\">\n\t\t\t\t<div class=\"elementor-widget-container\">\n\t\t\t\t\t\t\t<div class=\"elementor-shortcode\">\n<div class=\"wpcf7 no-js\" id=\"wpcf7-f4548-o1\" lang=\"tr-TR\" dir=\"ltr\" data-wpcf7-id=\"4548\">\n<div class=\"screen-reader-response\"><p role=\"status\" aria-live=\"polite\" aria-atomic=\"true\"><\/p> <ul><\/ul><\/div>\n<form action=\"\/fr\/wp-json\/wp\/v2\/pages\/15519#wpcf7-f4548-o1\" method=\"post\" class=\"wpcf7-form init\" aria-label=\"\u0130leti\u015fim Formu\" novalidate=\"novalidate\" data-status=\"init\">\n<fieldset class=\"hidden-fields-container\"><input type=\"hidden\" name=\"_wpcf7\" value=\"4548\" \/><input type=\"hidden\" name=\"_wpcf7_version\" value=\"6.1.5\" \/><input type=\"hidden\" name=\"_wpcf7_locale\" value=\"tr_TR\" \/><input type=\"hidden\" name=\"_wpcf7_unit_tag\" value=\"wpcf7-f4548-o1\" \/><input type=\"hidden\" name=\"_wpcf7_container_post\" value=\"0\" \/><input type=\"hidden\" name=\"_wpcf7_posted_data_hash\" value=\"\" \/>\n<\/fieldset>\n<div class=\"row gx-3\">\n\t<div class=\"form-group col-md-6\">\n\t\t<p><span class=\"wpcf7-form-control-wrap\" data-name=\"text-320\"><input size=\"40\" maxlength=\"400\" class=\"wpcf7-form-control wpcf7-text form-control style2\" id=\"name\" aria-invalid=\"false\" placeholder=\"\u0130sim Soyad\u0131\" value=\"\" type=\"text\" name=\"text-320\" \/><\/span>\n\t\t<\/p>\n\t<\/div>\n\t<div class=\"form-group col-md-6\">\n\t\t<p><span class=\"wpcf7-form-control-wrap\" data-name=\"email-142\"><input size=\"40\" maxlength=\"400\" class=\"wpcf7-form-control wpcf7-email wpcf7-text wpcf7-validates-as-email form-control style2\" id=\"email-142\" aria-invalid=\"false\" placeholder=\"Eposta adresi\" value=\"\" type=\"email\" name=\"email-142\" \/><\/span>\n\t\t<\/p>\n\t<\/div>\n\t<div class=\"form-group col-md-6\">\n\t\t<p><span class=\"wpcf7-form-control-wrap\" data-name=\"tel-349\"><input size=\"40\" maxlength=\"400\" class=\"wpcf7-form-control wpcf7-tel wpcf7-text wpcf7-validates-as-tel form-control style2\" id=\"tel-349\" aria-invalid=\"false\" placeholder=\"Telefon Numaras\u0131\" value=\"\" type=\"tel\" name=\"tel-349\" \/><\/span>\n\t\t<\/p>\n\t<\/div>\n\t<div class=\"form-group col-md-6\">\n\t\t<p><span class=\"wpcf7-form-control-wrap\" data-name=\"menu-671\"><select class=\"wpcf7-form-control wpcf7-select form-control style2\" id=\"menu-671\" aria-invalid=\"false\" name=\"menu-671\"><option value=\"Ba\u011f\u0131rsak Hastal\u0131klar\u0131\">Ba\u011f\u0131rsak Hastal\u0131klar\u0131<\/option><option value=\"Genel Cerrahi\">Genel Cerrahi<\/option><option value=\"Makat B\u00f6lgesi Rahats\u0131zl\u0131klar\u0131\">Makat B\u00f6lgesi Rahats\u0131zl\u0131klar\u0131<\/option><option value=\"Genel Cerrahi\">Genel Cerrahi<\/option><\/select><\/span>\n\t\t<\/p>\n\t<\/div>\n\t<div class=\"form-group col-12\">\n\t\t<p><span class=\"wpcf7-form-control-wrap\" data-name=\"textarea-59\"><textarea cols=\"40\" rows=\"10\" maxlength=\"2000\" class=\"wpcf7-form-control wpcf7-textarea form-control style2\" id=\"textarea-59\" aria-invalid=\"false\" placeholder=\"Mesaj\" name=\"textarea-59\"><\/textarea><\/span>\n\t\t<\/p>\n\t<\/div>\n\t<div class=\"form-btn col-12\">\n\t\t<p><button class=\"vs-btn style1 wpcf7-submit\">G\u00f6nder<\/button>\n\t\t<\/p>\n\t<\/div>\n<\/div>\n<p class=\"form-messages mb-0 mt-3 fs-md fw-bold\">\n<\/p><p style=\"display: none !important;\" class=\"akismet-fields-container\" data-prefix=\"_wpcf7_ak_\"><label>&#916;<textarea name=\"_wpcf7_ak_hp_textarea\" cols=\"45\" rows=\"8\" maxlength=\"100\"><\/textarea><\/label><input type=\"hidden\" id=\"ak_js_1\" name=\"_wpcf7_ak_js\" value=\"12\"\/><script>document.getElementById( \"ak_js_1\" ).setAttribute( \"value\", ( new Date() ).getTime() );<\/script><\/p><div class=\"wpcf7-response-output\" aria-hidden=\"true\"><\/div>\n<\/form>\n<\/div>\n<\/div>\n\t\t\t\t\t\t<\/div>\n\t\t\t\t<\/div>\n\t\t\t\t\t<\/div>\n\t\t<\/div>\n\t\t\t\t\t<\/div>\n\t\t<\/section>\n\t\t\t\t\t<\/div>\n\t\t<\/div>\n\t\t\t\t\t<\/div>\n\t\t<\/section>\n\t\t\t\t<\/div>\n\t\t","protected":false},"excerpt":{"rendered":"<p>Contact Pour prendre rendez-vous, vous pouvez nous contacter en appelant le +90 532 353 92 47 ou en envoyant un message via whatsapp.<\/p>\n","protected":false},"author":1,"featured_media":0,"parent":0,"menu_order":0,"comment_status":"closed","ping_status":"closed","template":"","meta":{"_acf_changed":false,"footnotes":""},"class_list":["post-15519","page","type-page","status-publish","hentry"],"acf":[],"yoast_head":"<!-- This site is optimized with the Yoast SEO Premium plugin v21.7 (Yoast SEO v27.5) - https:\/\/yoast.com\/product\/yoast-seo-premium-wordpress\/ -->\n<title>Contact &#8212; Prof. Dr. Hakan Yanar<\/title>\n<meta name=\"robots\" content=\"index, follow, max-snippet:-1, max-image-preview:large, max-video-preview:-1\" \/>\n<link rel=\"canonical\" href=\"https:\/\/www.hakanyanar.com\/fr\/contact\/\" \/>\n<meta property=\"og:locale\" content=\"fr_FR\" \/>\n<meta property=\"og:type\" content=\"article\" \/>\n<meta property=\"og:title\" content=\"Contact\" \/>\n<meta property=\"og:description\" content=\"Contact Pour prendre rendez-vous, vous pouvez nous contacter en appelant le +90 532 353 92 47 ou en envoyant un message via whatsapp.\" \/>\n<meta property=\"og:url\" content=\"https:\/\/www.hakanyanar.com\/fr\/contact\/\" \/>\n<meta property=\"og:site_name\" content=\"Prof. Dr. Hakan Yanar\" \/>\n<meta property=\"article:publisher\" content=\"https:\/\/www.facebook.com\/profdrhakantyanar\" \/>\n<meta property=\"article:modified_time\" content=\"2025-06-08T16:02:59+00:00\" \/>\n<meta name=\"twitter:card\" content=\"summary_large_image\" \/>\n<meta name=\"twitter:site\" content=\"@htyanar\" \/>\n<script type=\"application\/ld+json\" class=\"yoast-schema-graph\">{\"@context\":\"https:\\\/\\\/schema.org\",\"@graph\":[{\"@type\":\"Article\",\"@id\":\"https:\\\/\\\/www.hakanyanar.com\\\/fr\\\/contact\\\/#article\",\"isPartOf\":{\"@id\":\"https:\\\/\\\/www.hakanyanar.com\\\/fr\\\/contact\\\/\"},\"author\":{\"name\":\"Prof. Dr. Hakan Yanar\",\"@id\":\"https:\\\/\\\/www.hakanyanar.com\\\/en\\\/#\\\/schema\\\/person\\\/a25b7521262fcdb4bf0748ec6b2a0b8a\"},\"headline\":\"Contact\",\"datePublished\":\"2021-08-16T00:41:29+00:00\",\"dateModified\":\"2025-06-08T16:02:59+00:00\",\"mainEntityOfPage\":{\"@id\":\"https:\\\/\\\/www.hakanyanar.com\\\/fr\\\/contact\\\/\"},\"wordCount\":26,\"publisher\":{\"@id\":\"https:\\\/\\\/www.hakanyanar.com\\\/en\\\/#\\\/schema\\\/person\\\/a25b7521262fcdb4bf0748ec6b2a0b8a\"},\"inLanguage\":\"fr-FR\"},{\"@type\":[\"WebPage\",\"MedicalWebPage\"],\"@id\":\"https:\\\/\\\/www.hakanyanar.com\\\/fr\\\/contact\\\/\",\"url\":\"https:\\\/\\\/www.hakanyanar.com\\\/fr\\\/contact\\\/\",\"name\":\"Contact &#8212; Prof. Dr. Hakan Yanar\",\"isPartOf\":{\"@id\":\"https:\\\/\\\/www.hakanyanar.com\\\/en\\\/#website\"},\"datePublished\":\"2021-08-16T00:41:29+00:00\",\"dateModified\":\"2025-06-08T16:02:59+00:00\",\"breadcrumb\":{\"@id\":\"https:\\\/\\\/www.hakanyanar.com\\\/fr\\\/contact\\\/#breadcrumb\"},\"inLanguage\":\"fr-FR\",\"potentialAction\":[{\"@type\":\"ReadAction\",\"target\":[\"https:\\\/\\\/www.hakanyanar.com\\\/fr\\\/contact\\\/\"]}]},{\"@type\":\"BreadcrumbList\",\"@id\":\"https:\\\/\\\/www.hakanyanar.com\\\/fr\\\/contact\\\/#breadcrumb\",\"itemListElement\":[{\"@type\":\"ListItem\",\"position\":1,\"name\":\"Anasayfa\",\"item\":\"https:\\\/\\\/www.hakanyanar.com\\\/\"},{\"@type\":\"ListItem\",\"position\":2,\"name\":\"Contact\"}]},{\"@type\":\"WebSite\",\"@id\":\"https:\\\/\\\/www.hakanyanar.com\\\/en\\\/#website\",\"url\":\"https:\\\/\\\/www.hakanyanar.com\\\/en\\\/\",\"name\":\"Prof. Dr. Hakan Yanar\",\"description\":\"\u0130stanbul \u00dcniversitesi \u0130stanbul T\u0131p Fak\u00fcltesi Genel Cerrahi Anabilim Dal\u0131\",\"publisher\":{\"@id\":\"https:\\\/\\\/www.hakanyanar.com\\\/en\\\/#\\\/schema\\\/person\\\/a25b7521262fcdb4bf0748ec6b2a0b8a\"},\"potentialAction\":[{\"@type\":\"SearchAction\",\"target\":{\"@type\":\"EntryPoint\",\"urlTemplate\":\"https:\\\/\\\/www.hakanyanar.com\\\/en\\\/?s={search_term_string}\"},\"query-input\":{\"@type\":\"PropertyValueSpecification\",\"valueRequired\":true,\"valueName\":\"search_term_string\"}}],\"inLanguage\":\"fr-FR\"},{\"@type\":[\"Person\",\"Organization\"],\"@id\":\"https:\\\/\\\/www.hakanyanar.com\\\/en\\\/#\\\/schema\\\/person\\\/a25b7521262fcdb4bf0748ec6b2a0b8a\",\"name\":\"Prof. Dr. Hakan Yanar\",\"image\":{\"@type\":\"ImageObject\",\"inLanguage\":\"fr-FR\",\"@id\":\"https:\\\/\\\/i0.wp.com\\\/hakanyanar.com\\\/wp-content\\\/uploads\\\/2022\\\/01\\\/hakanyanarliv.png?fit=1200%2C1200&ssl=1\",\"url\":\"https:\\\/\\\/i0.wp.com\\\/hakanyanar.com\\\/wp-content\\\/uploads\\\/2022\\\/01\\\/hakanyanarliv.png?fit=1200%2C1200&ssl=1\",\"contentUrl\":\"https:\\\/\\\/i0.wp.com\\\/hakanyanar.com\\\/wp-content\\\/uploads\\\/2022\\\/01\\\/hakanyanarliv.png?fit=1200%2C1200&ssl=1\",\"width\":1200,\"height\":1200,\"caption\":\"Prof. Dr. Hakan Yanar\"},\"logo\":{\"@id\":\"https:\\\/\\\/i0.wp.com\\\/hakanyanar.com\\\/wp-content\\\/uploads\\\/2022\\\/01\\\/hakanyanarliv.png?fit=1200%2C1200&ssl=1\"},\"description\":\"Prof.Dr. Hakan Yanar 1971 y\u0131l\u0131nda Denizli\u2019 de do\u011fdu. \u0130lk, orta ve lise \u00f6\u011frenimini Denizli\u2019 de tamamlamas\u0131n\u0131 takiben 1988\u2019de \u0130stanbul T\u0131p Fak\u00fcltesini kazand\u0131. Cerrahi int\u00f6rnl\u00fc\u011f\u00fcn\u00fc University of Colorado Health Science Center, Denver Colorado\u2019 da tamamlad\u0131. Mecburi hizmetini 1995-1996 y\u0131llar\u0131 aras\u0131nda Isparta\u2019da, askerlik hizmetini Nisan 2000\u2019de Tunceli\u2019 de yerine getirdi. 1996 y\u0131l\u0131nda \u0130stanbul T\u0131p Fak\u00fcltesi Genel Cerrahi Anabilim Dal\u0131\u2019nda ba\u015flad\u0131\u011f\u0131 Genel Cerrahi ihtisas\u0131n\u0131 \u201cKolon anastomozlar\u0131nda skar dokusu olu\u015fumu ve latirojen ila\u00e7lar\u0131n etkisi\u201d isimli tez ile Haziran 2001\u2019 de tamamlad\u0131. \u015eubat 2006-\u015eubat 2007 aras\u0131nda University of Southern California Medical Center, Department of General Surgery, Los Angeles, ABD\u2019 de \u00e7al\u0131\u015ft\u0131. Primer cerrahi ilgi alan\u0131 gastrointestinal hastal\u0131klar, mide, kolon ve rektum kanseri ba\u015fta olmak onkolojik cerrahi olgular\u0131n laparoskopik tedavisi \u00fczerine odaklanm\u0131\u015ft\u0131r. \u201cRobotik Cerrahi\u201d ve \u201cCytoreductive surgery (CRS) and Hypertermic intraperitoneal chemotherapy (HIPEC) in Peritoneal Surface Malignancy\u201d sertifikalar\u0131na sahiptir. T\u00fcrk Cerrahi Derne\u011fi, Hepato-Pankreato-Bilier Cerrahi Derne\u011fi, \u0130stanbul Tabib Odas\u0131 \u00fcyesi, Ulusal Travma ve Acil Cerrahi Derne\u011fi ile Ulusal Endoskopik Laparoskopik Cerrahi Derne\u011fi y\u00f6netim kurulu \u00fcyesidir. Ulusal Travma ve Acil Cerrahi Dergisi\u2019nde yard\u0131mc\u0131 edit\u00f6rl\u00fck, European Society of Trauma and Emergency Surgery (ESTES) Emergency Section\u2019 da Chairman ve T\u00fcrkiye delegeli\u011fi g\u00f6revlerini yerine getirmektedir. Elli uluslararas\u0131, 20 ulusal \u00e7al\u0131\u015fmas\u0131hakemli dergilerde yay\u0131nlanm\u0131\u015ft\u0131r. \u0130ki uluslararas\u0131, on ulusal kitap b\u00f6l\u00fcm\u00fc bulunmaktad\u0131r. \u00c7ok say\u0131da s\u00f6zl\u00fc ve poster sunumu, yurt i\u00e7i ve yurt d\u0131\u015f\u0131 panel ve sempozyum konu\u015fmalar\u0131 ger\u00e7ekle\u015ftirmi\u015ftir. \u0130ki uluslararas\u0131, \u00e7ok say\u0131da ulusal kitap b\u00f6l\u00fcm\u00fc yaz\u0131m\u0131 ve \u00e7evirisi bulunmaktad\u0131r. Ekim 2008\u2019 de Do\u00e7ent, Mart 2014\u2032te profes\u00f6r \u00fcnvan\u0131n\u0131 alan Prof.Dr. Hakan Yanar \u0130ngilizce bilmektedir. Evli, bir k\u0131z ve bir erkek \u00e7ocuk babas\u0131d\u0131r.\",\"sameAs\":[\"https:\\\/\\\/hakanyanar.com\",\"https:\\\/\\\/www.facebook.com\\\/profdrhakantyanar\",\"https:\\\/\\\/www.instagram.com\\\/prof.dr.hakanyanar\\\/\",\"https:\\\/\\\/www.linkedin.com\\\/in\\\/prof-dr-hakan-yanar\\\/\",\"https:\\\/\\\/x.com\\\/https:\\\/\\\/twitter.com\\\/htyanar\",\"https:\\\/\\\/www.youtube.com\\\/channel\\\/UCE5s8CGZzB4o2Pr1bxXKNRQ\"],\"honorificPrefix\":\"Prof. Dr\",\"honorificSuffix\":\"PhD\",\"gender\":\"male\",\"knowsAbout\":[\"Cytoreductive surgery\",\"Kolon ve rektum kanseri\",\"Selim anorektal hastal\u0131klar (hemoroidal hastal\u0131k\",\"anal fiss\u00fcr (makat \u00e7atla\u011f\u0131) ameliyats\u0131z tedavisi\",\"perianal fist\u00fcl\"]}]}<\/script>\n<!-- \/ Yoast SEO Premium plugin. -->","yoast_head_json":{"title":"Contact &#8212; Prof. Dr. Hakan Yanar","robots":{"index":"index","follow":"follow","max-snippet":"max-snippet:-1","max-image-preview":"max-image-preview:large","max-video-preview":"max-video-preview:-1"},"canonical":"https:\/\/www.hakanyanar.com\/fr\/contact\/","og_locale":"fr_FR","og_type":"article","og_title":"Contact","og_description":"Contact Pour prendre rendez-vous, vous pouvez nous contacter en appelant le +90 532 353 92 47 ou en envoyant un message via whatsapp.","og_url":"https:\/\/www.hakanyanar.com\/fr\/contact\/","og_site_name":"Prof. Dr. Hakan Yanar","article_publisher":"https:\/\/www.facebook.com\/profdrhakantyanar","article_modified_time":"2025-06-08T16:02:59+00:00","twitter_card":"summary_large_image","twitter_site":"@htyanar","schema":{"@context":"https:\/\/schema.org","@graph":[{"@type":"Article","@id":"https:\/\/www.hakanyanar.com\/fr\/contact\/#article","isPartOf":{"@id":"https:\/\/www.hakanyanar.com\/fr\/contact\/"},"author":{"name":"Prof. Dr. Hakan Yanar","@id":"https:\/\/www.hakanyanar.com\/en\/#\/schema\/person\/a25b7521262fcdb4bf0748ec6b2a0b8a"},"headline":"Contact","datePublished":"2021-08-16T00:41:29+00:00","dateModified":"2025-06-08T16:02:59+00:00","mainEntityOfPage":{"@id":"https:\/\/www.hakanyanar.com\/fr\/contact\/"},"wordCount":26,"publisher":{"@id":"https:\/\/www.hakanyanar.com\/en\/#\/schema\/person\/a25b7521262fcdb4bf0748ec6b2a0b8a"},"inLanguage":"fr-FR"},{"@type":["WebPage","MedicalWebPage"],"@id":"https:\/\/www.hakanyanar.com\/fr\/contact\/","url":"https:\/\/www.hakanyanar.com\/fr\/contact\/","name":"Contact &#8212; Prof. Dr. Hakan Yanar","isPartOf":{"@id":"https:\/\/www.hakanyanar.com\/en\/#website"},"datePublished":"2021-08-16T00:41:29+00:00","dateModified":"2025-06-08T16:02:59+00:00","breadcrumb":{"@id":"https:\/\/www.hakanyanar.com\/fr\/contact\/#breadcrumb"},"inLanguage":"fr-FR","potentialAction":[{"@type":"ReadAction","target":["https:\/\/www.hakanyanar.com\/fr\/contact\/"]}]},{"@type":"BreadcrumbList","@id":"https:\/\/www.hakanyanar.com\/fr\/contact\/#breadcrumb","itemListElement":[{"@type":"ListItem","position":1,"name":"Anasayfa","item":"https:\/\/www.hakanyanar.com\/"},{"@type":"ListItem","position":2,"name":"Contact"}]},{"@type":"WebSite","@id":"https:\/\/www.hakanyanar.com\/en\/#website","url":"https:\/\/www.hakanyanar.com\/en\/","name":"Prof. Dr. Hakan Yanar","description":"\u0130stanbul \u00dcniversitesi \u0130stanbul T\u0131p Fak\u00fcltesi Genel Cerrahi Anabilim Dal\u0131","publisher":{"@id":"https:\/\/www.hakanyanar.com\/en\/#\/schema\/person\/a25b7521262fcdb4bf0748ec6b2a0b8a"},"potentialAction":[{"@type":"SearchAction","target":{"@type":"EntryPoint","urlTemplate":"https:\/\/www.hakanyanar.com\/en\/?s={search_term_string}"},"query-input":{"@type":"PropertyValueSpecification","valueRequired":true,"valueName":"search_term_string"}}],"inLanguage":"fr-FR"},{"@type":["Person","Organization"],"@id":"https:\/\/www.hakanyanar.com\/en\/#\/schema\/person\/a25b7521262fcdb4bf0748ec6b2a0b8a","name":"Prof. Dr. Hakan Yanar","image":{"@type":"ImageObject","inLanguage":"fr-FR","@id":"https:\/\/i0.wp.com\/hakanyanar.com\/wp-content\/uploads\/2022\/01\/hakanyanarliv.png?fit=1200%2C1200&ssl=1","url":"https:\/\/i0.wp.com\/hakanyanar.com\/wp-content\/uploads\/2022\/01\/hakanyanarliv.png?fit=1200%2C1200&ssl=1","contentUrl":"https:\/\/i0.wp.com\/hakanyanar.com\/wp-content\/uploads\/2022\/01\/hakanyanarliv.png?fit=1200%2C1200&ssl=1","width":1200,"height":1200,"caption":"Prof. Dr. Hakan Yanar"},"logo":{"@id":"https:\/\/i0.wp.com\/hakanyanar.com\/wp-content\/uploads\/2022\/01\/hakanyanarliv.png?fit=1200%2C1200&ssl=1"},"description":"Prof.Dr. Hakan Yanar 1971 y\u0131l\u0131nda Denizli\u2019 de do\u011fdu. \u0130lk, orta ve lise \u00f6\u011frenimini Denizli\u2019 de tamamlamas\u0131n\u0131 takiben 1988\u2019de \u0130stanbul T\u0131p Fak\u00fcltesini kazand\u0131. Cerrahi int\u00f6rnl\u00fc\u011f\u00fcn\u00fc University of Colorado Health Science Center, Denver Colorado\u2019 da tamamlad\u0131. Mecburi hizmetini 1995-1996 y\u0131llar\u0131 aras\u0131nda Isparta\u2019da, askerlik hizmetini Nisan 2000\u2019de Tunceli\u2019 de yerine getirdi. 1996 y\u0131l\u0131nda \u0130stanbul T\u0131p Fak\u00fcltesi Genel Cerrahi Anabilim Dal\u0131\u2019nda ba\u015flad\u0131\u011f\u0131 Genel Cerrahi ihtisas\u0131n\u0131 \u201cKolon anastomozlar\u0131nda skar dokusu olu\u015fumu ve latirojen ila\u00e7lar\u0131n etkisi\u201d isimli tez ile Haziran 2001\u2019 de tamamlad\u0131. \u015eubat 2006-\u015eubat 2007 aras\u0131nda University of Southern California Medical Center, Department of General Surgery, Los Angeles, ABD\u2019 de \u00e7al\u0131\u015ft\u0131. Primer cerrahi ilgi alan\u0131 gastrointestinal hastal\u0131klar, mide, kolon ve rektum kanseri ba\u015fta olmak onkolojik cerrahi olgular\u0131n laparoskopik tedavisi \u00fczerine odaklanm\u0131\u015ft\u0131r. \u201cRobotik Cerrahi\u201d ve \u201cCytoreductive surgery (CRS) and Hypertermic intraperitoneal chemotherapy (HIPEC) in Peritoneal Surface Malignancy\u201d sertifikalar\u0131na sahiptir. T\u00fcrk Cerrahi Derne\u011fi, Hepato-Pankreato-Bilier Cerrahi Derne\u011fi, \u0130stanbul Tabib Odas\u0131 \u00fcyesi, Ulusal Travma ve Acil Cerrahi Derne\u011fi ile Ulusal Endoskopik Laparoskopik Cerrahi Derne\u011fi y\u00f6netim kurulu \u00fcyesidir. Ulusal Travma ve Acil Cerrahi Dergisi\u2019nde yard\u0131mc\u0131 edit\u00f6rl\u00fck, European Society of Trauma and Emergency Surgery (ESTES) Emergency Section\u2019 da Chairman ve T\u00fcrkiye delegeli\u011fi g\u00f6revlerini yerine getirmektedir. Elli uluslararas\u0131, 20 ulusal \u00e7al\u0131\u015fmas\u0131hakemli dergilerde yay\u0131nlanm\u0131\u015ft\u0131r. \u0130ki uluslararas\u0131, on ulusal kitap b\u00f6l\u00fcm\u00fc bulunmaktad\u0131r. \u00c7ok say\u0131da s\u00f6zl\u00fc ve poster sunumu, yurt i\u00e7i ve yurt d\u0131\u015f\u0131 panel ve sempozyum konu\u015fmalar\u0131 ger\u00e7ekle\u015ftirmi\u015ftir. \u0130ki uluslararas\u0131, \u00e7ok say\u0131da ulusal kitap b\u00f6l\u00fcm\u00fc yaz\u0131m\u0131 ve \u00e7evirisi bulunmaktad\u0131r. Ekim 2008\u2019 de Do\u00e7ent, Mart 2014\u2032te profes\u00f6r \u00fcnvan\u0131n\u0131 alan Prof.Dr. Hakan Yanar \u0130ngilizce bilmektedir. Evli, bir k\u0131z ve bir erkek \u00e7ocuk babas\u0131d\u0131r.","sameAs":["https:\/\/hakanyanar.com","https:\/\/www.facebook.com\/profdrhakantyanar","https:\/\/www.instagram.com\/prof.dr.hakanyanar\/","https:\/\/www.linkedin.com\/in\/prof-dr-hakan-yanar\/","https:\/\/x.com\/https:\/\/twitter.com\/htyanar","https:\/\/www.youtube.com\/channel\/UCE5s8CGZzB4o2Pr1bxXKNRQ"],"honorificPrefix":"Prof. Dr","honorificSuffix":"PhD","gender":"male","knowsAbout":["Cytoreductive surgery","Kolon ve rektum kanseri","Selim anorektal hastal\u0131klar (hemoroidal hastal\u0131k","anal fiss\u00fcr (makat \u00e7atla\u011f\u0131) ameliyats\u0131z tedavisi","perianal fist\u00fcl"]}]}},"_links":{"self":[{"href":"https:\/\/www.hakanyanar.com\/fr\/wp-json\/wp\/v2\/pages\/15519","targetHints":{"allow":["GET"]}}],"collection":[{"href":"https:\/\/www.hakanyanar.com\/fr\/wp-json\/wp\/v2\/pages"}],"about":[{"href":"https:\/\/www.hakanyanar.com\/fr\/wp-json\/wp\/v2\/types\/page"}],"author":[{"embeddable":true,"href":"https:\/\/www.hakanyanar.com\/fr\/wp-json\/wp\/v2\/users\/1"}],"replies":[{"embeddable":true,"href":"https:\/\/www.hakanyanar.com\/fr\/wp-json\/wp\/v2\/comments?post=15519"}],"version-history":[{"count":7,"href":"https:\/\/www.hakanyanar.com\/fr\/wp-json\/wp\/v2\/pages\/15519\/revisions"}],"predecessor-version":[{"id":16019,"href":"https:\/\/www.hakanyanar.com\/fr\/wp-json\/wp\/v2\/pages\/15519\/revisions\/16019"}],"wp:attachment":[{"href":"https:\/\/www.hakanyanar.com\/fr\/wp-json\/wp\/v2\/media?parent=15519"}],"curies":[{"name":"wp","href":"https:\/\/api.w.org\/{rel}","templated":true}]}}