{"id":15995,"date":"2022-01-17T12:59:38","date_gmt":"2022-01-17T09:59:38","guid":{"rendered":"https:\/\/hakanyanar.com\/a-propos-de-moi\/"},"modified":"2025-06-19T23:41:23","modified_gmt":"2025-06-19T20:41:23","slug":"a-propos-de-moi","status":"publish","type":"page","link":"https:\/\/www.hakanyanar.com\/fr\/a-propos-de-moi\/","title":{"rendered":"\u00c0 propos de moi"},"content":{"rendered":"<h2>Prof.Dr. Hakan Yanar <\/h2>\n<p><strong>Prof.Dr. Hakan Yanar <\/strong> N\u00e9 en 1971 \u00e0 Denizli.<\/p>\n<p>Apr\u00e8s avoir termin\u00e9 ses \u00e9tudes primaires et secondaires \u00e0 Denizli, il a \u00e9t\u00e9 admis \u00e0 la Facult\u00e9 de M\u00e9decine d&rsquo;Istanbul en 1988. Il a effectu\u00e9 son internat en chirurgie g\u00e9n\u00e9rale au University of Colorado Health Science Center \u00e0 Denver, Colorado. Il a accompli son service militaire \u00e0 Isparta entre 1995 et 1996, puis en avril 2000 \u00e0 Tunceli. En 1996, il a commenc\u00e9 sa sp\u00e9cialisation en chirurgie g\u00e9n\u00e9rale \u00e0 la Facult\u00e9 de M\u00e9decine d&rsquo;Istanbul, D\u00e9partement de Chirurgie G\u00e9n\u00e9rale, et a termin\u00e9 son m\u00e9moire intitul\u00e9 \u00ab\u00a0Formation de tissu cicatriciel dans les anastomoses coliques et effets des agents anti-adh\u00e9sifs lat\u00e9raux\u00a0\u00bb en juin 2001.   <\/p>\n<p>Entre f\u00e9vrier 2006 et f\u00e9vrier 2007, il a travaill\u00e9 au University of Southern California Medical Center, D\u00e9partement de Chirurgie G\u00e9n\u00e9rale, \u00e0 Los Angeles, \u00c9tats-Unis.<\/p>\n<p>Le domaine principal d\u2019int\u00e9r\u00eat du Prof. Dr. Hakan Yanar est les maladies gastro-intestinales, notamment le traitement laparoscopique des cas chirurgicaux oncologiques comme les cancers du c\u00f4lon et du rectum. Il d\u00e9tient des certifications en chirurgie robotique, chirurgie cytor\u00e9ductive (CRS) et chimioth\u00e9rapie intrap\u00e9riton\u00e9ale hyperthermique (HIPEC) pour les maladies malignes de la surface p\u00e9riton\u00e9ale. <\/p>\n<p>Il est membre des associations suivantes : Soci\u00e9t\u00e9 Turque de Chirurgie, Soci\u00e9t\u00e9 de Chirurgie H\u00e9patopancr\u00e9atobiliaire, Chambre des M\u00e9decins d\u2019Istanbul, et Soci\u00e9t\u00e9 Nationale de Chirurgie Endoscopique Laparoscopique. Il a \u00e9galement exerc\u00e9 des fonctions \u00e9ditoriales pour la Revue Nationale de Traumatologie et de Chirurgie d\u2019Urgence, et a repr\u00e9sent\u00e9 la Turquie au sein de la European Society of Trauma and Emergency Surgery (ESTES) en tant que pr\u00e9sident de la section des urgences.   <\/p>\n<p>Il a publi\u00e9 plus de cinquante \u00e9tudes scientifiques nationales et internationales, ainsi que deux chapitres de livres internationaux. Il a \u00e9galement \u00e9t\u00e9 invit\u00e9 comme conf\u00e9rencier \u00e0 de nombreux congr\u00e8s et symposiums en Turquie et \u00e0 l&rsquo;\u00e9tranger. En octobre 2008, il a \u00e9t\u00e9 nomm\u00e9 professeur titulaire. Le Prof. Dr. Hakan Yanar parle couramment anglais. Il est mari\u00e9 et p\u00e8re de deux filles.    <\/p>\n","protected":false},"excerpt":{"rendered":"<p>Prof.Dr. Hakan Yanar Prof.Dr. Hakan Yanar N\u00e9 en 1971 \u00e0 Denizli. Apr\u00e8s avoir termin\u00e9 ses \u00e9tudes primaires et secondaires \u00e0 Denizli, il a \u00e9t\u00e9 admis \u00e0 la Facult\u00e9 de M\u00e9decine d&rsquo;Istanbul en 1988. Il a effectu\u00e9 son internat en chirurgie g\u00e9n\u00e9rale au University of Colorado Health Science Center \u00e0 Denver, Colorado. Il a accompli son [&hellip;]<\/p>\n","protected":false},"author":1,"featured_media":0,"parent":0,"menu_order":0,"comment_status":"closed","ping_status":"closed","template":"","meta":{"_acf_changed":false,"footnotes":""},"class_list":["post-15995","page","type-page","status-publish","hentry"],"acf":[],"yoast_head":"<!-- This site is optimized with the Yoast SEO Premium plugin v21.7 (Yoast SEO v27.5) - https:\/\/yoast.com\/product\/yoast-seo-premium-wordpress\/ -->\n<title>\u00c0 propos de moi &#8212; Prof. Dr. Hakan Yanar<\/title>\n<meta name=\"description\" content=\"Le Prof. Dr. Hakan Yanar est sp\u00e9cialis\u00e9 dans la chirurgie laparoscopique des cancers gastro-intestinaux, notamment de l&#039;estomac, du c\u00f4lon et du rectum.\" \/>\n<meta name=\"robots\" content=\"index, follow, max-snippet:-1, max-image-preview:large, max-video-preview:-1\" \/>\n<link rel=\"canonical\" href=\"https:\/\/www.hakanyanar.com\/fr\/a-propos-de-moi\/\" \/>\n<meta property=\"og:locale\" content=\"fr_FR\" \/>\n<meta property=\"og:type\" content=\"article\" \/>\n<meta property=\"og:title\" content=\"\u00c0 propos de moi\" \/>\n<meta property=\"og:description\" content=\"Le Prof. Dr. Hakan Yanar est sp\u00e9cialis\u00e9 dans la chirurgie laparoscopique des cancers gastro-intestinaux, notamment de l&#039;estomac, du c\u00f4lon et du rectum.\" \/>\n<meta property=\"og:url\" content=\"https:\/\/www.hakanyanar.com\/fr\/a-propos-de-moi\/\" \/>\n<meta property=\"og:site_name\" content=\"Prof. Dr. Hakan Yanar\" \/>\n<meta property=\"article:publisher\" content=\"https:\/\/www.facebook.com\/profdrhakantyanar\" \/>\n<meta property=\"article:modified_time\" content=\"2025-06-19T20:41:23+00:00\" \/>\n<meta name=\"twitter:card\" content=\"summary_large_image\" \/>\n<meta name=\"twitter:site\" content=\"@htyanar\" \/>\n<meta name=\"twitter:label1\" content=\"Dur\u00e9e de lecture estim\u00e9e\" \/>\n\t<meta name=\"twitter:data1\" content=\"2 minutes\" \/>\n<script type=\"application\/ld+json\" class=\"yoast-schema-graph\">{\"@context\":\"https:\\\/\\\/schema.org\",\"@graph\":[{\"@type\":\"Article\",\"@id\":\"https:\\\/\\\/www.hakanyanar.com\\\/fr\\\/a-propos-de-moi\\\/#article\",\"isPartOf\":{\"@id\":\"https:\\\/\\\/www.hakanyanar.com\\\/fr\\\/a-propos-de-moi\\\/\"},\"author\":{\"name\":\"Prof. Dr. Hakan Yanar\",\"@id\":\"https:\\\/\\\/www.hakanyanar.com\\\/en\\\/#\\\/schema\\\/person\\\/a25b7521262fcdb4bf0748ec6b2a0b8a\"},\"headline\":\"\u00c0 propos de moi\",\"datePublished\":\"2022-01-17T09:59:38+00:00\",\"dateModified\":\"2025-06-19T20:41:23+00:00\",\"mainEntityOfPage\":{\"@id\":\"https:\\\/\\\/www.hakanyanar.com\\\/fr\\\/a-propos-de-moi\\\/\"},\"wordCount\":348,\"publisher\":{\"@id\":\"https:\\\/\\\/www.hakanyanar.com\\\/en\\\/#\\\/schema\\\/person\\\/a25b7521262fcdb4bf0748ec6b2a0b8a\"},\"inLanguage\":\"fr-FR\"},{\"@type\":[\"WebPage\",\"MedicalWebPage\"],\"@id\":\"https:\\\/\\\/www.hakanyanar.com\\\/fr\\\/a-propos-de-moi\\\/\",\"url\":\"https:\\\/\\\/www.hakanyanar.com\\\/fr\\\/a-propos-de-moi\\\/\",\"name\":\"\u00c0 propos de moi &#8212; Prof. Dr. Hakan Yanar\",\"isPartOf\":{\"@id\":\"https:\\\/\\\/www.hakanyanar.com\\\/en\\\/#website\"},\"datePublished\":\"2022-01-17T09:59:38+00:00\",\"dateModified\":\"2025-06-19T20:41:23+00:00\",\"description\":\"Le Prof. Dr. Hakan Yanar est sp\u00e9cialis\u00e9 dans la chirurgie laparoscopique des cancers gastro-intestinaux, notamment de l'estomac, du c\u00f4lon et du rectum.\",\"breadcrumb\":{\"@id\":\"https:\\\/\\\/www.hakanyanar.com\\\/fr\\\/a-propos-de-moi\\\/#breadcrumb\"},\"inLanguage\":\"fr-FR\",\"potentialAction\":[{\"@type\":\"ReadAction\",\"target\":[\"https:\\\/\\\/www.hakanyanar.com\\\/fr\\\/a-propos-de-moi\\\/\"]}]},{\"@type\":\"BreadcrumbList\",\"@id\":\"https:\\\/\\\/www.hakanyanar.com\\\/fr\\\/a-propos-de-moi\\\/#breadcrumb\",\"itemListElement\":[{\"@type\":\"ListItem\",\"position\":1,\"name\":\"Anasayfa\",\"item\":\"https:\\\/\\\/www.hakanyanar.com\\\/\"},{\"@type\":\"ListItem\",\"position\":2,\"name\":\"\u00c0 propos de moi\"}]},{\"@type\":\"WebSite\",\"@id\":\"https:\\\/\\\/www.hakanyanar.com\\\/en\\\/#website\",\"url\":\"https:\\\/\\\/www.hakanyanar.com\\\/en\\\/\",\"name\":\"Prof. Dr. Hakan Yanar\",\"description\":\"\u0130stanbul \u00dcniversitesi \u0130stanbul T\u0131p Fak\u00fcltesi Genel Cerrahi Anabilim Dal\u0131\",\"publisher\":{\"@id\":\"https:\\\/\\\/www.hakanyanar.com\\\/en\\\/#\\\/schema\\\/person\\\/a25b7521262fcdb4bf0748ec6b2a0b8a\"},\"potentialAction\":[{\"@type\":\"SearchAction\",\"target\":{\"@type\":\"EntryPoint\",\"urlTemplate\":\"https:\\\/\\\/www.hakanyanar.com\\\/en\\\/?s={search_term_string}\"},\"query-input\":{\"@type\":\"PropertyValueSpecification\",\"valueRequired\":true,\"valueName\":\"search_term_string\"}}],\"inLanguage\":\"fr-FR\"},{\"@type\":[\"Person\",\"Organization\"],\"@id\":\"https:\\\/\\\/www.hakanyanar.com\\\/en\\\/#\\\/schema\\\/person\\\/a25b7521262fcdb4bf0748ec6b2a0b8a\",\"name\":\"Prof. Dr. Hakan Yanar\",\"image\":{\"@type\":\"ImageObject\",\"inLanguage\":\"fr-FR\",\"@id\":\"https:\\\/\\\/i0.wp.com\\\/hakanyanar.com\\\/wp-content\\\/uploads\\\/2022\\\/01\\\/hakanyanarliv.png?fit=1200%2C1200&ssl=1\",\"url\":\"https:\\\/\\\/i0.wp.com\\\/hakanyanar.com\\\/wp-content\\\/uploads\\\/2022\\\/01\\\/hakanyanarliv.png?fit=1200%2C1200&ssl=1\",\"contentUrl\":\"https:\\\/\\\/i0.wp.com\\\/hakanyanar.com\\\/wp-content\\\/uploads\\\/2022\\\/01\\\/hakanyanarliv.png?fit=1200%2C1200&ssl=1\",\"width\":1200,\"height\":1200,\"caption\":\"Prof. Dr. Hakan Yanar\"},\"logo\":{\"@id\":\"https:\\\/\\\/i0.wp.com\\\/hakanyanar.com\\\/wp-content\\\/uploads\\\/2022\\\/01\\\/hakanyanarliv.png?fit=1200%2C1200&ssl=1\"},\"description\":\"Prof.Dr. Hakan Yanar 1971 y\u0131l\u0131nda Denizli\u2019 de do\u011fdu. \u0130lk, orta ve lise \u00f6\u011frenimini Denizli\u2019 de tamamlamas\u0131n\u0131 takiben 1988\u2019de \u0130stanbul T\u0131p Fak\u00fcltesini kazand\u0131. Cerrahi int\u00f6rnl\u00fc\u011f\u00fcn\u00fc University of Colorado Health Science Center, Denver Colorado\u2019 da tamamlad\u0131. Mecburi hizmetini 1995-1996 y\u0131llar\u0131 aras\u0131nda Isparta\u2019da, askerlik hizmetini Nisan 2000\u2019de Tunceli\u2019 de yerine getirdi. 1996 y\u0131l\u0131nda \u0130stanbul T\u0131p Fak\u00fcltesi Genel Cerrahi Anabilim Dal\u0131\u2019nda ba\u015flad\u0131\u011f\u0131 Genel Cerrahi ihtisas\u0131n\u0131 \u201cKolon anastomozlar\u0131nda skar dokusu olu\u015fumu ve latirojen ila\u00e7lar\u0131n etkisi\u201d isimli tez ile Haziran 2001\u2019 de tamamlad\u0131. \u015eubat 2006-\u015eubat 2007 aras\u0131nda University of Southern California Medical Center, Department of General Surgery, Los Angeles, ABD\u2019 de \u00e7al\u0131\u015ft\u0131. Primer cerrahi ilgi alan\u0131 gastrointestinal hastal\u0131klar, mide, kolon ve rektum kanseri ba\u015fta olmak onkolojik cerrahi olgular\u0131n laparoskopik tedavisi \u00fczerine odaklanm\u0131\u015ft\u0131r. \u201cRobotik Cerrahi\u201d ve \u201cCytoreductive surgery (CRS) and Hypertermic intraperitoneal chemotherapy (HIPEC) in Peritoneal Surface Malignancy\u201d sertifikalar\u0131na sahiptir. T\u00fcrk Cerrahi Derne\u011fi, Hepato-Pankreato-Bilier Cerrahi Derne\u011fi, \u0130stanbul Tabib Odas\u0131 \u00fcyesi, Ulusal Travma ve Acil Cerrahi Derne\u011fi ile Ulusal Endoskopik Laparoskopik Cerrahi Derne\u011fi y\u00f6netim kurulu \u00fcyesidir. Ulusal Travma ve Acil Cerrahi Dergisi\u2019nde yard\u0131mc\u0131 edit\u00f6rl\u00fck, European Society of Trauma and Emergency Surgery (ESTES) Emergency Section\u2019 da Chairman ve T\u00fcrkiye delegeli\u011fi g\u00f6revlerini yerine getirmektedir. Elli uluslararas\u0131, 20 ulusal \u00e7al\u0131\u015fmas\u0131hakemli dergilerde yay\u0131nlanm\u0131\u015ft\u0131r. \u0130ki uluslararas\u0131, on ulusal kitap b\u00f6l\u00fcm\u00fc bulunmaktad\u0131r. \u00c7ok say\u0131da s\u00f6zl\u00fc ve poster sunumu, yurt i\u00e7i ve yurt d\u0131\u015f\u0131 panel ve sempozyum konu\u015fmalar\u0131 ger\u00e7ekle\u015ftirmi\u015ftir. \u0130ki uluslararas\u0131, \u00e7ok say\u0131da ulusal kitap b\u00f6l\u00fcm\u00fc yaz\u0131m\u0131 ve \u00e7evirisi bulunmaktad\u0131r. Ekim 2008\u2019 de Do\u00e7ent, Mart 2014\u2032te profes\u00f6r \u00fcnvan\u0131n\u0131 alan Prof.Dr. Hakan Yanar \u0130ngilizce bilmektedir. Evli, bir k\u0131z ve bir erkek \u00e7ocuk babas\u0131d\u0131r.\",\"sameAs\":[\"https:\\\/\\\/hakanyanar.com\",\"https:\\\/\\\/www.facebook.com\\\/profdrhakantyanar\",\"https:\\\/\\\/www.instagram.com\\\/prof.dr.hakanyanar\\\/\",\"https:\\\/\\\/www.linkedin.com\\\/in\\\/prof-dr-hakan-yanar\\\/\",\"https:\\\/\\\/x.com\\\/https:\\\/\\\/twitter.com\\\/htyanar\",\"https:\\\/\\\/www.youtube.com\\\/channel\\\/UCE5s8CGZzB4o2Pr1bxXKNRQ\"],\"honorificPrefix\":\"Prof. Dr\",\"honorificSuffix\":\"PhD\",\"gender\":\"male\",\"knowsAbout\":[\"Cytoreductive surgery\",\"Kolon ve rektum kanseri\",\"Selim anorektal hastal\u0131klar (hemoroidal hastal\u0131k\",\"anal fiss\u00fcr (makat \u00e7atla\u011f\u0131) ameliyats\u0131z tedavisi\",\"perianal fist\u00fcl\"]}]}<\/script>\n<!-- \/ Yoast SEO Premium plugin. -->","yoast_head_json":{"title":"\u00c0 propos de moi &#8212; Prof. Dr. Hakan Yanar","description":"Le Prof. Dr. Hakan Yanar est sp\u00e9cialis\u00e9 dans la chirurgie laparoscopique des cancers gastro-intestinaux, notamment de l'estomac, du c\u00f4lon et du rectum.","robots":{"index":"index","follow":"follow","max-snippet":"max-snippet:-1","max-image-preview":"max-image-preview:large","max-video-preview":"max-video-preview:-1"},"canonical":"https:\/\/www.hakanyanar.com\/fr\/a-propos-de-moi\/","og_locale":"fr_FR","og_type":"article","og_title":"\u00c0 propos de moi","og_description":"Le Prof. Dr. Hakan Yanar est sp\u00e9cialis\u00e9 dans la chirurgie laparoscopique des cancers gastro-intestinaux, notamment de l'estomac, du c\u00f4lon et du rectum.","og_url":"https:\/\/www.hakanyanar.com\/fr\/a-propos-de-moi\/","og_site_name":"Prof. Dr. Hakan Yanar","article_publisher":"https:\/\/www.facebook.com\/profdrhakantyanar","article_modified_time":"2025-06-19T20:41:23+00:00","twitter_card":"summary_large_image","twitter_site":"@htyanar","twitter_misc":{"Dur\u00e9e de lecture estim\u00e9e":"2 minutes"},"schema":{"@context":"https:\/\/schema.org","@graph":[{"@type":"Article","@id":"https:\/\/www.hakanyanar.com\/fr\/a-propos-de-moi\/#article","isPartOf":{"@id":"https:\/\/www.hakanyanar.com\/fr\/a-propos-de-moi\/"},"author":{"name":"Prof. Dr. Hakan Yanar","@id":"https:\/\/www.hakanyanar.com\/en\/#\/schema\/person\/a25b7521262fcdb4bf0748ec6b2a0b8a"},"headline":"\u00c0 propos de moi","datePublished":"2022-01-17T09:59:38+00:00","dateModified":"2025-06-19T20:41:23+00:00","mainEntityOfPage":{"@id":"https:\/\/www.hakanyanar.com\/fr\/a-propos-de-moi\/"},"wordCount":348,"publisher":{"@id":"https:\/\/www.hakanyanar.com\/en\/#\/schema\/person\/a25b7521262fcdb4bf0748ec6b2a0b8a"},"inLanguage":"fr-FR"},{"@type":["WebPage","MedicalWebPage"],"@id":"https:\/\/www.hakanyanar.com\/fr\/a-propos-de-moi\/","url":"https:\/\/www.hakanyanar.com\/fr\/a-propos-de-moi\/","name":"\u00c0 propos de moi &#8212; Prof. Dr. Hakan Yanar","isPartOf":{"@id":"https:\/\/www.hakanyanar.com\/en\/#website"},"datePublished":"2022-01-17T09:59:38+00:00","dateModified":"2025-06-19T20:41:23+00:00","description":"Le Prof. Dr. Hakan Yanar est sp\u00e9cialis\u00e9 dans la chirurgie laparoscopique des cancers gastro-intestinaux, notamment de l'estomac, du c\u00f4lon et du rectum.","breadcrumb":{"@id":"https:\/\/www.hakanyanar.com\/fr\/a-propos-de-moi\/#breadcrumb"},"inLanguage":"fr-FR","potentialAction":[{"@type":"ReadAction","target":["https:\/\/www.hakanyanar.com\/fr\/a-propos-de-moi\/"]}]},{"@type":"BreadcrumbList","@id":"https:\/\/www.hakanyanar.com\/fr\/a-propos-de-moi\/#breadcrumb","itemListElement":[{"@type":"ListItem","position":1,"name":"Anasayfa","item":"https:\/\/www.hakanyanar.com\/"},{"@type":"ListItem","position":2,"name":"\u00c0 propos de moi"}]},{"@type":"WebSite","@id":"https:\/\/www.hakanyanar.com\/en\/#website","url":"https:\/\/www.hakanyanar.com\/en\/","name":"Prof. Dr. Hakan Yanar","description":"\u0130stanbul \u00dcniversitesi \u0130stanbul T\u0131p Fak\u00fcltesi Genel Cerrahi Anabilim Dal\u0131","publisher":{"@id":"https:\/\/www.hakanyanar.com\/en\/#\/schema\/person\/a25b7521262fcdb4bf0748ec6b2a0b8a"},"potentialAction":[{"@type":"SearchAction","target":{"@type":"EntryPoint","urlTemplate":"https:\/\/www.hakanyanar.com\/en\/?s={search_term_string}"},"query-input":{"@type":"PropertyValueSpecification","valueRequired":true,"valueName":"search_term_string"}}],"inLanguage":"fr-FR"},{"@type":["Person","Organization"],"@id":"https:\/\/www.hakanyanar.com\/en\/#\/schema\/person\/a25b7521262fcdb4bf0748ec6b2a0b8a","name":"Prof. Dr. Hakan Yanar","image":{"@type":"ImageObject","inLanguage":"fr-FR","@id":"https:\/\/i0.wp.com\/hakanyanar.com\/wp-content\/uploads\/2022\/01\/hakanyanarliv.png?fit=1200%2C1200&ssl=1","url":"https:\/\/i0.wp.com\/hakanyanar.com\/wp-content\/uploads\/2022\/01\/hakanyanarliv.png?fit=1200%2C1200&ssl=1","contentUrl":"https:\/\/i0.wp.com\/hakanyanar.com\/wp-content\/uploads\/2022\/01\/hakanyanarliv.png?fit=1200%2C1200&ssl=1","width":1200,"height":1200,"caption":"Prof. Dr. Hakan Yanar"},"logo":{"@id":"https:\/\/i0.wp.com\/hakanyanar.com\/wp-content\/uploads\/2022\/01\/hakanyanarliv.png?fit=1200%2C1200&ssl=1"},"description":"Prof.Dr. Hakan Yanar 1971 y\u0131l\u0131nda Denizli\u2019 de do\u011fdu. \u0130lk, orta ve lise \u00f6\u011frenimini Denizli\u2019 de tamamlamas\u0131n\u0131 takiben 1988\u2019de \u0130stanbul T\u0131p Fak\u00fcltesini kazand\u0131. Cerrahi int\u00f6rnl\u00fc\u011f\u00fcn\u00fc University of Colorado Health Science Center, Denver Colorado\u2019 da tamamlad\u0131. Mecburi hizmetini 1995-1996 y\u0131llar\u0131 aras\u0131nda Isparta\u2019da, askerlik hizmetini Nisan 2000\u2019de Tunceli\u2019 de yerine getirdi. 1996 y\u0131l\u0131nda \u0130stanbul T\u0131p Fak\u00fcltesi Genel Cerrahi Anabilim Dal\u0131\u2019nda ba\u015flad\u0131\u011f\u0131 Genel Cerrahi ihtisas\u0131n\u0131 \u201cKolon anastomozlar\u0131nda skar dokusu olu\u015fumu ve latirojen ila\u00e7lar\u0131n etkisi\u201d isimli tez ile Haziran 2001\u2019 de tamamlad\u0131. \u015eubat 2006-\u015eubat 2007 aras\u0131nda University of Southern California Medical Center, Department of General Surgery, Los Angeles, ABD\u2019 de \u00e7al\u0131\u015ft\u0131. Primer cerrahi ilgi alan\u0131 gastrointestinal hastal\u0131klar, mide, kolon ve rektum kanseri ba\u015fta olmak onkolojik cerrahi olgular\u0131n laparoskopik tedavisi \u00fczerine odaklanm\u0131\u015ft\u0131r. \u201cRobotik Cerrahi\u201d ve \u201cCytoreductive surgery (CRS) and Hypertermic intraperitoneal chemotherapy (HIPEC) in Peritoneal Surface Malignancy\u201d sertifikalar\u0131na sahiptir. T\u00fcrk Cerrahi Derne\u011fi, Hepato-Pankreato-Bilier Cerrahi Derne\u011fi, \u0130stanbul Tabib Odas\u0131 \u00fcyesi, Ulusal Travma ve Acil Cerrahi Derne\u011fi ile Ulusal Endoskopik Laparoskopik Cerrahi Derne\u011fi y\u00f6netim kurulu \u00fcyesidir. Ulusal Travma ve Acil Cerrahi Dergisi\u2019nde yard\u0131mc\u0131 edit\u00f6rl\u00fck, European Society of Trauma and Emergency Surgery (ESTES) Emergency Section\u2019 da Chairman ve T\u00fcrkiye delegeli\u011fi g\u00f6revlerini yerine getirmektedir. Elli uluslararas\u0131, 20 ulusal \u00e7al\u0131\u015fmas\u0131hakemli dergilerde yay\u0131nlanm\u0131\u015ft\u0131r. \u0130ki uluslararas\u0131, on ulusal kitap b\u00f6l\u00fcm\u00fc bulunmaktad\u0131r. \u00c7ok say\u0131da s\u00f6zl\u00fc ve poster sunumu, yurt i\u00e7i ve yurt d\u0131\u015f\u0131 panel ve sempozyum konu\u015fmalar\u0131 ger\u00e7ekle\u015ftirmi\u015ftir. \u0130ki uluslararas\u0131, \u00e7ok say\u0131da ulusal kitap b\u00f6l\u00fcm\u00fc yaz\u0131m\u0131 ve \u00e7evirisi bulunmaktad\u0131r. Ekim 2008\u2019 de Do\u00e7ent, Mart 2014\u2032te profes\u00f6r \u00fcnvan\u0131n\u0131 alan Prof.Dr. Hakan Yanar \u0130ngilizce bilmektedir. Evli, bir k\u0131z ve bir erkek \u00e7ocuk babas\u0131d\u0131r.","sameAs":["https:\/\/hakanyanar.com","https:\/\/www.facebook.com\/profdrhakantyanar","https:\/\/www.instagram.com\/prof.dr.hakanyanar\/","https:\/\/www.linkedin.com\/in\/prof-dr-hakan-yanar\/","https:\/\/x.com\/https:\/\/twitter.com\/htyanar","https:\/\/www.youtube.com\/channel\/UCE5s8CGZzB4o2Pr1bxXKNRQ"],"honorificPrefix":"Prof. Dr","honorificSuffix":"PhD","gender":"male","knowsAbout":["Cytoreductive surgery","Kolon ve rektum kanseri","Selim anorektal hastal\u0131klar (hemoroidal hastal\u0131k","anal fiss\u00fcr (makat \u00e7atla\u011f\u0131) ameliyats\u0131z tedavisi","perianal fist\u00fcl"]}]}},"_links":{"self":[{"href":"https:\/\/www.hakanyanar.com\/fr\/wp-json\/wp\/v2\/pages\/15995","targetHints":{"allow":["GET"]}}],"collection":[{"href":"https:\/\/www.hakanyanar.com\/fr\/wp-json\/wp\/v2\/pages"}],"about":[{"href":"https:\/\/www.hakanyanar.com\/fr\/wp-json\/wp\/v2\/types\/page"}],"author":[{"embeddable":true,"href":"https:\/\/www.hakanyanar.com\/fr\/wp-json\/wp\/v2\/users\/1"}],"replies":[{"embeddable":true,"href":"https:\/\/www.hakanyanar.com\/fr\/wp-json\/wp\/v2\/comments?post=15995"}],"version-history":[{"count":1,"href":"https:\/\/www.hakanyanar.com\/fr\/wp-json\/wp\/v2\/pages\/15995\/revisions"}],"predecessor-version":[{"id":16176,"href":"https:\/\/www.hakanyanar.com\/fr\/wp-json\/wp\/v2\/pages\/15995\/revisions\/16176"}],"wp:attachment":[{"href":"https:\/\/www.hakanyanar.com\/fr\/wp-json\/wp\/v2\/media?parent=15995"}],"curies":[{"name":"wp","href":"https:\/\/api.w.org\/{rel}","templated":true}]}}