{"id":16014,"date":"2026-03-12T10:05:48","date_gmt":"2026-03-12T07:05:48","guid":{"rendered":"https:\/\/hakanyanar.com\/page-daccueil\/"},"modified":"2025-06-19T23:55:56","modified_gmt":"2025-06-19T20:55:56","slug":"page-daccueil","status":"publish","type":"page","link":"https:\/\/www.hakanyanar.com\/fr\/","title":{"rendered":"Page d\u2019Accueil"},"content":{"rendered":"\t\t<div data-elementor-type=\"wp-page\" data-elementor-id=\"16014\" class=\"elementor elementor-16014 elementor-15752\" data-elementor-post-type=\"page\">\n\t\t\t\t\t\t<section class=\"elementor-section elementor-top-section elementor-element elementor-element-2fb7d93 elementor-section-stretched elementor-section-boxed elementor-section-height-default elementor-section-height-default\" data-id=\"2fb7d93\" data-element_type=\"section\" data-e-type=\"section\" data-settings=\"{&quot;stretch_section&quot;:&quot;section-stretched&quot;}\">\n\t\t\t\t\t\t<div class=\"elementor-container elementor-column-gap-no\">\n\t\t\t\t\t<div class=\"elementor-column elementor-col-50 elementor-top-column elementor-element elementor-element-434569b\" data-id=\"434569b\" data-element_type=\"column\" data-e-type=\"column\">\n\t\t\t<div class=\"elementor-widget-wrap elementor-element-populated\">\n\t\t\t\t\t\t<div class=\"elementor-element elementor-element-eb51e24 elementor-widget elementor-widget-heading\" data-id=\"eb51e24\" data-element_type=\"widget\" data-e-type=\"widget\" data-widget_type=\"heading.default\">\n\t\t\t\t<div class=\"elementor-widget-container\">\n\t\t\t\t\t<h2 class=\"elementor-heading-title elementor-size-default\">Des soins chirurgicaux fond\u00e9s sur l\u2019expertise, l\u2019exp\u00e9rience et la confiance, pour les patients locaux et internationaux.<\/h2>\t\t\t\t<\/div>\n\t\t\t\t<\/div>\n\t\t\t\t<div class=\"elementor-element elementor-element-5943c49 elementor-widget elementor-widget-text-editor\" data-id=\"5943c49\" data-element_type=\"widget\" data-e-type=\"widget\" data-widget_type=\"text-editor.default\">\n\t\t\t\t<div class=\"elementor-widget-container\">\n\t\t\t\t\t\t\t\t\t<p>Le Prof. Dr. Hakan Yanar est sp\u00e9cialis\u00e9 dans le diagnostic et le traitement des maladies gastro-intestinales, notamment les cancers de l\u2019estomac, du c\u00f4lon et du rectum. Il propose des interventions chirurgicales avanc\u00e9es telles que la laparoscopie, la chirurgie robotique et la technique HIPEC.<\/p>\t\t\t\t\t\t\t\t<\/div>\n\t\t\t\t<\/div>\n\t\t\t\t\t<\/div>\n\t\t<\/div>\n\t\t\t\t<div class=\"elementor-column elementor-col-50 elementor-top-column elementor-element elementor-element-94210b6\" data-id=\"94210b6\" data-element_type=\"column\" data-e-type=\"column\">\n\t\t\t<div class=\"elementor-widget-wrap elementor-element-populated\">\n\t\t\t\t\t\t<div class=\"elementor-element elementor-element-e674c0c elementor-widget elementor-widget-image\" data-id=\"e674c0c\" data-element_type=\"widget\" data-e-type=\"widget\" data-widget_type=\"image.default\">\n\t\t\t\t<div class=\"elementor-widget-container\">\n\t\t\t\t\t\t\t\t\t\t\t\t\t\t\t<img fetchpriority=\"high\" decoding=\"async\" width=\"800\" height=\"800\" src=\"https:\/\/www.hakanyanar.com\/wp-content\/uploads\/2022\/01\/hakanyanarliv-2-1024x1024.png\" class=\"attachment-large size-large wp-image-15320\" alt=\"\" srcset=\"https:\/\/www.hakanyanar.com\/wp-content\/uploads\/2022\/01\/hakanyanarliv-2-1024x1024.png 1024w, https:\/\/www.hakanyanar.com\/wp-content\/uploads\/2022\/01\/hakanyanarliv-2-300x300.png 300w, https:\/\/www.hakanyanar.com\/wp-content\/uploads\/2022\/01\/hakanyanarliv-2-100x100.png 100w, https:\/\/www.hakanyanar.com\/wp-content\/uploads\/2022\/01\/hakanyanarliv-2-600x600.png 600w, https:\/\/www.hakanyanar.com\/wp-content\/uploads\/2022\/01\/hakanyanarliv-2-150x150.png 150w, https:\/\/www.hakanyanar.com\/wp-content\/uploads\/2022\/01\/hakanyanarliv-2-768x768.png 768w, https:\/\/www.hakanyanar.com\/wp-content\/uploads\/2022\/01\/hakanyanarliv-2-770x770.png 770w, https:\/\/www.hakanyanar.com\/wp-content\/uploads\/2022\/01\/hakanyanarliv-2.png 1200w\" sizes=\"(max-width: 800px) 100vw, 800px\" data-id=\"15320\" \/>\t\t\t\t\t\t\t\t\t\t\t\t\t\t\t<\/div>\n\t\t\t\t<\/div>\n\t\t\t\t\t<\/div>\n\t\t<\/div>\n\t\t\t\t\t<\/div>\n\t\t<\/section>\n\t\t\t\t<section class=\"elementor-section elementor-top-section elementor-element elementor-element-5b2e1d1 elementor-section-stretched elementor-section-boxed elementor-section-height-default elementor-section-height-default\" data-id=\"5b2e1d1\" data-element_type=\"section\" data-e-type=\"section\" data-settings=\"{&quot;stretch_section&quot;:&quot;section-stretched&quot;,&quot;background_background&quot;:&quot;classic&quot;}\">\n\t\t\t\t\t\t<div class=\"elementor-container elementor-column-gap-no\">\n\t\t\t\t\t<div class=\"elementor-column elementor-col-100 elementor-top-column elementor-element elementor-element-70e5ac4\" data-id=\"70e5ac4\" data-element_type=\"column\" data-e-type=\"column\">\n\t\t\t<div class=\"elementor-widget-wrap\">\n\t\t\t\t\t\t\t<\/div>\n\t\t<\/div>\n\t\t\t\t\t<\/div>\n\t\t<\/section>\n\t\t\t\t<\/div>\n\t\t","protected":false},"excerpt":{"rendered":"<p>HAKKIMDA Prof. Dr. Hakan Yanar \u2013 Genel Cerrahi Uzman\u0131 Des soins chirurgicaux fond\u00e9s sur l\u2019expertise, l\u2019exp\u00e9rience et la confiance, pour les patients locaux et internationaux. Le Prof. Dr. Hakan Yanar est sp\u00e9cialis\u00e9 dans le diagnostic et le traitement des maladies gastro-intestinales, notamment les cancers de l\u2019estomac, du c\u00f4lon et du rectum. Il propose des interventions [&hellip;]<\/p>\n","protected":false},"author":1,"featured_media":0,"parent":0,"menu_order":0,"comment_status":"closed","ping_status":"closed","template":"","meta":{"_acf_changed":false,"footnotes":""},"class_list":["post-16014","page","type-page","status-publish","hentry"],"acf":[],"yoast_head":"<!-- This site is optimized with the Yoast SEO Premium plugin v21.7 (Yoast SEO v27.5) - https:\/\/yoast.com\/product\/yoast-seo-premium-wordpress\/ -->\n<title>Page d\u2019Accueil &#8212; Prof. Dr. Hakan Yanar<\/title>\n<meta name=\"robots\" content=\"index, follow, max-snippet:-1, max-image-preview:large, max-video-preview:-1\" \/>\n<link rel=\"canonical\" href=\"https:\/\/www.hakanyanar.com\/\" \/>\n<meta property=\"og:locale\" content=\"fr_FR\" \/>\n<meta property=\"og:type\" content=\"article\" \/>\n<meta property=\"og:title\" content=\"Page d\u2019Accueil\" \/>\n<meta property=\"og:description\" content=\"HAKKIMDA Prof. Dr. Hakan Yanar \u2013 Genel Cerrahi Uzman\u0131 Des soins chirurgicaux fond\u00e9s sur l\u2019expertise, l\u2019exp\u00e9rience et la confiance, pour les patients locaux et internationaux. Le Prof. Dr. Hakan Yanar est sp\u00e9cialis\u00e9 dans le diagnostic et le traitement des maladies gastro-intestinales, notamment les cancers de l\u2019estomac, du c\u00f4lon et du rectum. Il propose des interventions [&hellip;]\" \/>\n<meta property=\"og:url\" content=\"https:\/\/www.hakanyanar.com\/\" \/>\n<meta property=\"og:site_name\" content=\"Prof. Dr. Hakan Yanar\" \/>\n<meta property=\"article:publisher\" content=\"https:\/\/www.facebook.com\/profdrhakantyanar\" \/>\n<meta property=\"og:image\" content=\"https:\/\/hakanyanar.com\/wp-content\/uploads\/2022\/01\/hakanyanarliv-2-1024x1024.png\" \/>\n<meta name=\"twitter:card\" content=\"summary_large_image\" \/>\n<meta name=\"twitter:site\" content=\"@htyanar\" \/>\n<meta name=\"twitter:label1\" content=\"Dur\u00e9e de lecture estim\u00e9e\" \/>\n\t<meta name=\"twitter:data1\" content=\"2 minutes\" \/>\n<script type=\"application\/ld+json\" class=\"yoast-schema-graph\">{\"@context\":\"https:\\\/\\\/schema.org\",\"@graph\":[{\"@type\":\"Article\",\"@id\":\"https:\\\/\\\/www.hakanyanar.com\\\/#article\",\"isPartOf\":{\"@id\":\"https:\\\/\\\/www.hakanyanar.com\\\/\"},\"author\":{\"name\":\"Prof. Dr. Hakan Yanar\",\"@id\":\"https:\\\/\\\/www.hakanyanar.com\\\/en\\\/#\\\/schema\\\/person\\\/a25b7521262fcdb4bf0748ec6b2a0b8a\"},\"headline\":\"Page d\u2019Accueil\",\"datePublished\":\"2026-03-12T07:05:48+00:00\",\"mainEntityOfPage\":{\"@id\":\"https:\\\/\\\/www.hakanyanar.com\\\/\"},\"wordCount\":235,\"publisher\":{\"@id\":\"https:\\\/\\\/www.hakanyanar.com\\\/en\\\/#\\\/schema\\\/person\\\/a25b7521262fcdb4bf0748ec6b2a0b8a\"},\"image\":{\"@id\":\"https:\\\/\\\/www.hakanyanar.com\\\/#primaryimage\"},\"thumbnailUrl\":\"https:\\\/\\\/hakanyanar.com\\\/wp-content\\\/uploads\\\/2022\\\/01\\\/hakanyanarliv-2-1024x1024.png\",\"inLanguage\":\"fr-FR\"},{\"@type\":[\"WebPage\",\"MedicalWebPage\"],\"@id\":\"https:\\\/\\\/www.hakanyanar.com\\\/\",\"url\":\"https:\\\/\\\/www.hakanyanar.com\\\/\",\"name\":\"Page d\u2019Accueil &#8212; Prof. Dr. Hakan Yanar\",\"isPartOf\":{\"@id\":\"https:\\\/\\\/www.hakanyanar.com\\\/en\\\/#website\"},\"primaryImageOfPage\":{\"@id\":\"https:\\\/\\\/www.hakanyanar.com\\\/#primaryimage\"},\"image\":{\"@id\":\"https:\\\/\\\/www.hakanyanar.com\\\/#primaryimage\"},\"thumbnailUrl\":\"https:\\\/\\\/hakanyanar.com\\\/wp-content\\\/uploads\\\/2022\\\/01\\\/hakanyanarliv-2-1024x1024.png\",\"datePublished\":\"2026-03-12T07:05:48+00:00\",\"breadcrumb\":{\"@id\":\"https:\\\/\\\/www.hakanyanar.com\\\/#breadcrumb\"},\"inLanguage\":\"fr-FR\",\"potentialAction\":[{\"@type\":\"ReadAction\",\"target\":[\"https:\\\/\\\/www.hakanyanar.com\\\/\"]}]},{\"@type\":\"ImageObject\",\"inLanguage\":\"fr-FR\",\"@id\":\"https:\\\/\\\/www.hakanyanar.com\\\/#primaryimage\",\"url\":\"https:\\\/\\\/hakanyanar.com\\\/wp-content\\\/uploads\\\/2022\\\/01\\\/hakanyanarliv-2-1024x1024.png\",\"contentUrl\":\"https:\\\/\\\/hakanyanar.com\\\/wp-content\\\/uploads\\\/2022\\\/01\\\/hakanyanarliv-2-1024x1024.png\"},{\"@type\":\"BreadcrumbList\",\"@id\":\"https:\\\/\\\/www.hakanyanar.com\\\/#breadcrumb\",\"itemListElement\":[{\"@type\":\"ListItem\",\"position\":1,\"name\":\"Anasayfa\",\"item\":\"https:\\\/\\\/www.hakanyanar.com\\\/\"},{\"@type\":\"ListItem\",\"position\":2,\"name\":\"Page d\u2019Accueil\"}]},{\"@type\":\"WebSite\",\"@id\":\"https:\\\/\\\/www.hakanyanar.com\\\/en\\\/#website\",\"url\":\"https:\\\/\\\/www.hakanyanar.com\\\/en\\\/\",\"name\":\"Prof. Dr. Hakan Yanar\",\"description\":\"\u0130stanbul \u00dcniversitesi \u0130stanbul T\u0131p Fak\u00fcltesi Genel Cerrahi Anabilim Dal\u0131\",\"publisher\":{\"@id\":\"https:\\\/\\\/www.hakanyanar.com\\\/en\\\/#\\\/schema\\\/person\\\/a25b7521262fcdb4bf0748ec6b2a0b8a\"},\"potentialAction\":[{\"@type\":\"SearchAction\",\"target\":{\"@type\":\"EntryPoint\",\"urlTemplate\":\"https:\\\/\\\/www.hakanyanar.com\\\/en\\\/?s={search_term_string}\"},\"query-input\":{\"@type\":\"PropertyValueSpecification\",\"valueRequired\":true,\"valueName\":\"search_term_string\"}}],\"inLanguage\":\"fr-FR\"},{\"@type\":[\"Person\",\"Organization\"],\"@id\":\"https:\\\/\\\/www.hakanyanar.com\\\/en\\\/#\\\/schema\\\/person\\\/a25b7521262fcdb4bf0748ec6b2a0b8a\",\"name\":\"Prof. Dr. Hakan Yanar\",\"image\":{\"@type\":\"ImageObject\",\"inLanguage\":\"fr-FR\",\"@id\":\"https:\\\/\\\/i0.wp.com\\\/hakanyanar.com\\\/wp-content\\\/uploads\\\/2022\\\/01\\\/hakanyanarliv.png?fit=1200%2C1200&ssl=1\",\"url\":\"https:\\\/\\\/i0.wp.com\\\/hakanyanar.com\\\/wp-content\\\/uploads\\\/2022\\\/01\\\/hakanyanarliv.png?fit=1200%2C1200&ssl=1\",\"contentUrl\":\"https:\\\/\\\/i0.wp.com\\\/hakanyanar.com\\\/wp-content\\\/uploads\\\/2022\\\/01\\\/hakanyanarliv.png?fit=1200%2C1200&ssl=1\",\"width\":1200,\"height\":1200,\"caption\":\"Prof. Dr. Hakan Yanar\"},\"logo\":{\"@id\":\"https:\\\/\\\/i0.wp.com\\\/hakanyanar.com\\\/wp-content\\\/uploads\\\/2022\\\/01\\\/hakanyanarliv.png?fit=1200%2C1200&ssl=1\"},\"description\":\"Prof.Dr. Hakan Yanar 1971 y\u0131l\u0131nda Denizli\u2019 de do\u011fdu. \u0130lk, orta ve lise \u00f6\u011frenimini Denizli\u2019 de tamamlamas\u0131n\u0131 takiben 1988\u2019de \u0130stanbul T\u0131p Fak\u00fcltesini kazand\u0131. Cerrahi int\u00f6rnl\u00fc\u011f\u00fcn\u00fc University of Colorado Health Science Center, Denver Colorado\u2019 da tamamlad\u0131. Mecburi hizmetini 1995-1996 y\u0131llar\u0131 aras\u0131nda Isparta\u2019da, askerlik hizmetini Nisan 2000\u2019de Tunceli\u2019 de yerine getirdi. 1996 y\u0131l\u0131nda \u0130stanbul T\u0131p Fak\u00fcltesi Genel Cerrahi Anabilim Dal\u0131\u2019nda ba\u015flad\u0131\u011f\u0131 Genel Cerrahi ihtisas\u0131n\u0131 \u201cKolon anastomozlar\u0131nda skar dokusu olu\u015fumu ve latirojen ila\u00e7lar\u0131n etkisi\u201d isimli tez ile Haziran 2001\u2019 de tamamlad\u0131. \u015eubat 2006-\u015eubat 2007 aras\u0131nda University of Southern California Medical Center, Department of General Surgery, Los Angeles, ABD\u2019 de \u00e7al\u0131\u015ft\u0131. Primer cerrahi ilgi alan\u0131 gastrointestinal hastal\u0131klar, mide, kolon ve rektum kanseri ba\u015fta olmak onkolojik cerrahi olgular\u0131n laparoskopik tedavisi \u00fczerine odaklanm\u0131\u015ft\u0131r. \u201cRobotik Cerrahi\u201d ve \u201cCytoreductive surgery (CRS) and Hypertermic intraperitoneal chemotherapy (HIPEC) in Peritoneal Surface Malignancy\u201d sertifikalar\u0131na sahiptir. T\u00fcrk Cerrahi Derne\u011fi, Hepato-Pankreato-Bilier Cerrahi Derne\u011fi, \u0130stanbul Tabib Odas\u0131 \u00fcyesi, Ulusal Travma ve Acil Cerrahi Derne\u011fi ile Ulusal Endoskopik Laparoskopik Cerrahi Derne\u011fi y\u00f6netim kurulu \u00fcyesidir. Ulusal Travma ve Acil Cerrahi Dergisi\u2019nde yard\u0131mc\u0131 edit\u00f6rl\u00fck, European Society of Trauma and Emergency Surgery (ESTES) Emergency Section\u2019 da Chairman ve T\u00fcrkiye delegeli\u011fi g\u00f6revlerini yerine getirmektedir. Elli uluslararas\u0131, 20 ulusal \u00e7al\u0131\u015fmas\u0131hakemli dergilerde yay\u0131nlanm\u0131\u015ft\u0131r. \u0130ki uluslararas\u0131, on ulusal kitap b\u00f6l\u00fcm\u00fc bulunmaktad\u0131r. \u00c7ok say\u0131da s\u00f6zl\u00fc ve poster sunumu, yurt i\u00e7i ve yurt d\u0131\u015f\u0131 panel ve sempozyum konu\u015fmalar\u0131 ger\u00e7ekle\u015ftirmi\u015ftir. \u0130ki uluslararas\u0131, \u00e7ok say\u0131da ulusal kitap b\u00f6l\u00fcm\u00fc yaz\u0131m\u0131 ve \u00e7evirisi bulunmaktad\u0131r. Ekim 2008\u2019 de Do\u00e7ent, Mart 2014\u2032te profes\u00f6r \u00fcnvan\u0131n\u0131 alan Prof.Dr. Hakan Yanar \u0130ngilizce bilmektedir. Evli, bir k\u0131z ve bir erkek \u00e7ocuk babas\u0131d\u0131r.\",\"sameAs\":[\"https:\\\/\\\/hakanyanar.com\",\"https:\\\/\\\/www.facebook.com\\\/profdrhakantyanar\",\"https:\\\/\\\/www.instagram.com\\\/prof.dr.hakanyanar\\\/\",\"https:\\\/\\\/www.linkedin.com\\\/in\\\/prof-dr-hakan-yanar\\\/\",\"https:\\\/\\\/x.com\\\/https:\\\/\\\/twitter.com\\\/htyanar\",\"https:\\\/\\\/www.youtube.com\\\/channel\\\/UCE5s8CGZzB4o2Pr1bxXKNRQ\"],\"honorificPrefix\":\"Prof. Dr\",\"honorificSuffix\":\"PhD\",\"gender\":\"male\",\"knowsAbout\":[\"Cytoreductive surgery\",\"Kolon ve rektum kanseri\",\"Selim anorektal hastal\u0131klar (hemoroidal hastal\u0131k\",\"anal fiss\u00fcr (makat \u00e7atla\u011f\u0131) ameliyats\u0131z tedavisi\",\"perianal fist\u00fcl\"]}]}<\/script>\n<!-- \/ Yoast SEO Premium plugin. -->","yoast_head_json":{"title":"Page d\u2019Accueil &#8212; Prof. Dr. Hakan Yanar","robots":{"index":"index","follow":"follow","max-snippet":"max-snippet:-1","max-image-preview":"max-image-preview:large","max-video-preview":"max-video-preview:-1"},"canonical":"https:\/\/www.hakanyanar.com\/","og_locale":"fr_FR","og_type":"article","og_title":"Page d\u2019Accueil","og_description":"HAKKIMDA Prof. Dr. Hakan Yanar \u2013 Genel Cerrahi Uzman\u0131 Des soins chirurgicaux fond\u00e9s sur l\u2019expertise, l\u2019exp\u00e9rience et la confiance, pour les patients locaux et internationaux. Le Prof. Dr. Hakan Yanar est sp\u00e9cialis\u00e9 dans le diagnostic et le traitement des maladies gastro-intestinales, notamment les cancers de l\u2019estomac, du c\u00f4lon et du rectum. Il propose des interventions [&hellip;]","og_url":"https:\/\/www.hakanyanar.com\/","og_site_name":"Prof. Dr. Hakan Yanar","article_publisher":"https:\/\/www.facebook.com\/profdrhakantyanar","og_image":[{"url":"https:\/\/hakanyanar.com\/wp-content\/uploads\/2022\/01\/hakanyanarliv-2-1024x1024.png","type":"","width":"","height":""}],"twitter_card":"summary_large_image","twitter_site":"@htyanar","twitter_misc":{"Dur\u00e9e de lecture estim\u00e9e":"2 minutes"},"schema":{"@context":"https:\/\/schema.org","@graph":[{"@type":"Article","@id":"https:\/\/www.hakanyanar.com\/#article","isPartOf":{"@id":"https:\/\/www.hakanyanar.com\/"},"author":{"name":"Prof. Dr. Hakan Yanar","@id":"https:\/\/www.hakanyanar.com\/en\/#\/schema\/person\/a25b7521262fcdb4bf0748ec6b2a0b8a"},"headline":"Page d\u2019Accueil","datePublished":"2026-03-12T07:05:48+00:00","mainEntityOfPage":{"@id":"https:\/\/www.hakanyanar.com\/"},"wordCount":235,"publisher":{"@id":"https:\/\/www.hakanyanar.com\/en\/#\/schema\/person\/a25b7521262fcdb4bf0748ec6b2a0b8a"},"image":{"@id":"https:\/\/www.hakanyanar.com\/#primaryimage"},"thumbnailUrl":"https:\/\/hakanyanar.com\/wp-content\/uploads\/2022\/01\/hakanyanarliv-2-1024x1024.png","inLanguage":"fr-FR"},{"@type":["WebPage","MedicalWebPage"],"@id":"https:\/\/www.hakanyanar.com\/","url":"https:\/\/www.hakanyanar.com\/","name":"Page d\u2019Accueil &#8212; Prof. Dr. Hakan Yanar","isPartOf":{"@id":"https:\/\/www.hakanyanar.com\/en\/#website"},"primaryImageOfPage":{"@id":"https:\/\/www.hakanyanar.com\/#primaryimage"},"image":{"@id":"https:\/\/www.hakanyanar.com\/#primaryimage"},"thumbnailUrl":"https:\/\/hakanyanar.com\/wp-content\/uploads\/2022\/01\/hakanyanarliv-2-1024x1024.png","datePublished":"2026-03-12T07:05:48+00:00","breadcrumb":{"@id":"https:\/\/www.hakanyanar.com\/#breadcrumb"},"inLanguage":"fr-FR","potentialAction":[{"@type":"ReadAction","target":["https:\/\/www.hakanyanar.com\/"]}]},{"@type":"ImageObject","inLanguage":"fr-FR","@id":"https:\/\/www.hakanyanar.com\/#primaryimage","url":"https:\/\/hakanyanar.com\/wp-content\/uploads\/2022\/01\/hakanyanarliv-2-1024x1024.png","contentUrl":"https:\/\/hakanyanar.com\/wp-content\/uploads\/2022\/01\/hakanyanarliv-2-1024x1024.png"},{"@type":"BreadcrumbList","@id":"https:\/\/www.hakanyanar.com\/#breadcrumb","itemListElement":[{"@type":"ListItem","position":1,"name":"Anasayfa","item":"https:\/\/www.hakanyanar.com\/"},{"@type":"ListItem","position":2,"name":"Page d\u2019Accueil"}]},{"@type":"WebSite","@id":"https:\/\/www.hakanyanar.com\/en\/#website","url":"https:\/\/www.hakanyanar.com\/en\/","name":"Prof. Dr. Hakan Yanar","description":"\u0130stanbul \u00dcniversitesi \u0130stanbul T\u0131p Fak\u00fcltesi Genel Cerrahi Anabilim Dal\u0131","publisher":{"@id":"https:\/\/www.hakanyanar.com\/en\/#\/schema\/person\/a25b7521262fcdb4bf0748ec6b2a0b8a"},"potentialAction":[{"@type":"SearchAction","target":{"@type":"EntryPoint","urlTemplate":"https:\/\/www.hakanyanar.com\/en\/?s={search_term_string}"},"query-input":{"@type":"PropertyValueSpecification","valueRequired":true,"valueName":"search_term_string"}}],"inLanguage":"fr-FR"},{"@type":["Person","Organization"],"@id":"https:\/\/www.hakanyanar.com\/en\/#\/schema\/person\/a25b7521262fcdb4bf0748ec6b2a0b8a","name":"Prof. Dr. Hakan Yanar","image":{"@type":"ImageObject","inLanguage":"fr-FR","@id":"https:\/\/i0.wp.com\/hakanyanar.com\/wp-content\/uploads\/2022\/01\/hakanyanarliv.png?fit=1200%2C1200&ssl=1","url":"https:\/\/i0.wp.com\/hakanyanar.com\/wp-content\/uploads\/2022\/01\/hakanyanarliv.png?fit=1200%2C1200&ssl=1","contentUrl":"https:\/\/i0.wp.com\/hakanyanar.com\/wp-content\/uploads\/2022\/01\/hakanyanarliv.png?fit=1200%2C1200&ssl=1","width":1200,"height":1200,"caption":"Prof. Dr. Hakan Yanar"},"logo":{"@id":"https:\/\/i0.wp.com\/hakanyanar.com\/wp-content\/uploads\/2022\/01\/hakanyanarliv.png?fit=1200%2C1200&ssl=1"},"description":"Prof.Dr. Hakan Yanar 1971 y\u0131l\u0131nda Denizli\u2019 de do\u011fdu. \u0130lk, orta ve lise \u00f6\u011frenimini Denizli\u2019 de tamamlamas\u0131n\u0131 takiben 1988\u2019de \u0130stanbul T\u0131p Fak\u00fcltesini kazand\u0131. Cerrahi int\u00f6rnl\u00fc\u011f\u00fcn\u00fc University of Colorado Health Science Center, Denver Colorado\u2019 da tamamlad\u0131. Mecburi hizmetini 1995-1996 y\u0131llar\u0131 aras\u0131nda Isparta\u2019da, askerlik hizmetini Nisan 2000\u2019de Tunceli\u2019 de yerine getirdi. 1996 y\u0131l\u0131nda \u0130stanbul T\u0131p Fak\u00fcltesi Genel Cerrahi Anabilim Dal\u0131\u2019nda ba\u015flad\u0131\u011f\u0131 Genel Cerrahi ihtisas\u0131n\u0131 \u201cKolon anastomozlar\u0131nda skar dokusu olu\u015fumu ve latirojen ila\u00e7lar\u0131n etkisi\u201d isimli tez ile Haziran 2001\u2019 de tamamlad\u0131. \u015eubat 2006-\u015eubat 2007 aras\u0131nda University of Southern California Medical Center, Department of General Surgery, Los Angeles, ABD\u2019 de \u00e7al\u0131\u015ft\u0131. Primer cerrahi ilgi alan\u0131 gastrointestinal hastal\u0131klar, mide, kolon ve rektum kanseri ba\u015fta olmak onkolojik cerrahi olgular\u0131n laparoskopik tedavisi \u00fczerine odaklanm\u0131\u015ft\u0131r. \u201cRobotik Cerrahi\u201d ve \u201cCytoreductive surgery (CRS) and Hypertermic intraperitoneal chemotherapy (HIPEC) in Peritoneal Surface Malignancy\u201d sertifikalar\u0131na sahiptir. T\u00fcrk Cerrahi Derne\u011fi, Hepato-Pankreato-Bilier Cerrahi Derne\u011fi, \u0130stanbul Tabib Odas\u0131 \u00fcyesi, Ulusal Travma ve Acil Cerrahi Derne\u011fi ile Ulusal Endoskopik Laparoskopik Cerrahi Derne\u011fi y\u00f6netim kurulu \u00fcyesidir. Ulusal Travma ve Acil Cerrahi Dergisi\u2019nde yard\u0131mc\u0131 edit\u00f6rl\u00fck, European Society of Trauma and Emergency Surgery (ESTES) Emergency Section\u2019 da Chairman ve T\u00fcrkiye delegeli\u011fi g\u00f6revlerini yerine getirmektedir. Elli uluslararas\u0131, 20 ulusal \u00e7al\u0131\u015fmas\u0131hakemli dergilerde yay\u0131nlanm\u0131\u015ft\u0131r. \u0130ki uluslararas\u0131, on ulusal kitap b\u00f6l\u00fcm\u00fc bulunmaktad\u0131r. \u00c7ok say\u0131da s\u00f6zl\u00fc ve poster sunumu, yurt i\u00e7i ve yurt d\u0131\u015f\u0131 panel ve sempozyum konu\u015fmalar\u0131 ger\u00e7ekle\u015ftirmi\u015ftir. \u0130ki uluslararas\u0131, \u00e7ok say\u0131da ulusal kitap b\u00f6l\u00fcm\u00fc yaz\u0131m\u0131 ve \u00e7evirisi bulunmaktad\u0131r. Ekim 2008\u2019 de Do\u00e7ent, Mart 2014\u2032te profes\u00f6r \u00fcnvan\u0131n\u0131 alan Prof.Dr. Hakan Yanar \u0130ngilizce bilmektedir. Evli, bir k\u0131z ve bir erkek \u00e7ocuk babas\u0131d\u0131r.","sameAs":["https:\/\/hakanyanar.com","https:\/\/www.facebook.com\/profdrhakantyanar","https:\/\/www.instagram.com\/prof.dr.hakanyanar\/","https:\/\/www.linkedin.com\/in\/prof-dr-hakan-yanar\/","https:\/\/x.com\/https:\/\/twitter.com\/htyanar","https:\/\/www.youtube.com\/channel\/UCE5s8CGZzB4o2Pr1bxXKNRQ"],"honorificPrefix":"Prof. Dr","honorificSuffix":"PhD","gender":"male","knowsAbout":["Cytoreductive surgery","Kolon ve rektum kanseri","Selim anorektal hastal\u0131klar (hemoroidal hastal\u0131k","anal fiss\u00fcr (makat \u00e7atla\u011f\u0131) ameliyats\u0131z tedavisi","perianal fist\u00fcl"]}]}},"_links":{"self":[{"href":"https:\/\/www.hakanyanar.com\/fr\/wp-json\/wp\/v2\/pages\/16014","targetHints":{"allow":["GET"]}}],"collection":[{"href":"https:\/\/www.hakanyanar.com\/fr\/wp-json\/wp\/v2\/pages"}],"about":[{"href":"https:\/\/www.hakanyanar.com\/fr\/wp-json\/wp\/v2\/types\/page"}],"author":[{"embeddable":true,"href":"https:\/\/www.hakanyanar.com\/fr\/wp-json\/wp\/v2\/users\/1"}],"replies":[{"embeddable":true,"href":"https:\/\/www.hakanyanar.com\/fr\/wp-json\/wp\/v2\/comments?post=16014"}],"version-history":[{"count":12,"href":"https:\/\/www.hakanyanar.com\/fr\/wp-json\/wp\/v2\/pages\/16014\/revisions"}],"predecessor-version":[{"id":16282,"href":"https:\/\/www.hakanyanar.com\/fr\/wp-json\/wp\/v2\/pages\/16014\/revisions\/16282"}],"wp:attachment":[{"href":"https:\/\/www.hakanyanar.com\/fr\/wp-json\/wp\/v2\/media?parent=16014"}],"curies":[{"name":"wp","href":"https:\/\/api.w.org\/{rel}","templated":true}]}}