{"id":16002,"date":"2018-11-30T10:41:35","date_gmt":"2018-11-30T07:41:35","guid":{"rendered":"https:\/\/hakanyanar.com\/%d1%81%d1%82%d0%b0%d1%82%d1%8c%d0%b8\/"},"modified":"2025-06-08T18:51:01","modified_gmt":"2025-06-08T15:51:01","slug":"%d1%81%d1%82%d0%b0%d1%82%d1%8c%d0%b8","status":"publish","type":"page","link":"https:\/\/www.hakanyanar.com\/ru\/%d1%81%d1%82%d0%b0%d1%82%d1%8c%d0%b8\/","title":{"rendered":"\u0421\u0442\u0430\u0442\u044c\u0438"},"content":{"rendered":"\t\t<div data-elementor-type=\"wp-page\" data-elementor-id=\"16002\" class=\"elementor elementor-16002 elementor-15760\" data-elementor-post-type=\"page\">\n\t\t\t\t\t\t<section class=\"elementor-section elementor-top-section elementor-element elementor-element-7763aad elementor-section-stretched thsn-col-stretched-none thsn-bg-color-over-image elementor-section-boxed elementor-section-height-default elementor-section-height-default\" data-id=\"7763aad\" data-element_type=\"section\" data-settings=\"{&quot;stretch_section&quot;:&quot;section-stretched&quot;}\">\n\t\t\t\t\t\t<div class=\"elementor-container elementor-column-gap-no\">\n\t\t\t\t\t<div class=\"elementor-column elementor-col-100 elementor-top-column elementor-element elementor-element-98477c7 thsn-bg-color-over-image\" data-id=\"98477c7\" data-element_type=\"column\">\n\t\t\t<div class=\"elementor-widget-wrap elementor-element-populated\">\n\t\t\t\t\t\t<div class=\"elementor-element elementor-element-b16aa19 elementor-widget elementor-widget-thsn_blog_element\" data-id=\"b16aa19\" data-element_type=\"widget\" data-widget_type=\"thsn_blog_element.default\">\n\t\t\t\t<div class=\"elementor-widget-container\">\n\t\t\t\t\t\r\n\t\t<div class=\"themesion-element themesion-element-blog thsn-element-blog-style-1 themesion-element-viewtype-row-column themesion-gap-30px\" data-show=\"9\" data-columns=\"3\" data-loop=\"false\" data-autoplay=\"false\" data-center=\"false\" data-nav=\"false\" data-dots=\"false\" data-autoplayspeed=\"1000\" data-margin=\"30px\"><div class=\"themesion-element-inner\">\r\n\t\tNo posts found\r\n\t\t\r\n\t\t<\/div><!-- .themesion-element-inner -->   <\/div><!-- .themesion-element -->  \r\n\t    \t\t\t\t<\/div>\n\t\t\t\t<\/div>\n\t\t\t\t\t<\/div>\n\t\t<\/div>\n\t\t\t\t\t<\/div>\n\t\t<\/section>\n\t\t\t\t<\/div>\n\t\t","protected":false},"excerpt":{"rendered":"<p>Teeth 23 Jan, 2019 Dental Hygiene for Children Duis mollis, est non commodo luctus, nisi erat porttitor ligula, eget lacinia odio sem nec elit. Morbi leo risus, porta ac consectetur ac, vestibu lum at eros. Nulla vitae elit libero, a pharetra augue. Read More Oral 22 Jan, 2019 Improvements In Technology Duis mollis, est non [&hellip;]<\/p>\n","protected":false},"author":1,"featured_media":0,"parent":0,"menu_order":18,"comment_status":"closed","ping_status":"closed","template":"","meta":{"_acf_changed":false,"footnotes":""},"class_list":["post-16002","page","type-page","status-publish","hentry"],"acf":[],"yoast_head":"<!-- This site is optimized with the Yoast SEO Premium plugin v21.7 (Yoast SEO v27.3) - https:\/\/yoast.com\/product\/yoast-seo-premium-wordpress\/ -->\n<title>\u0421\u0442\u0430\u0442\u044c\u0438 &#8212; Prof. Dr. Hakan Yanar<\/title>\n<meta name=\"robots\" content=\"index, follow, max-snippet:-1, max-image-preview:large, max-video-preview:-1\" \/>\n<link rel=\"canonical\" href=\"https:\/\/www.hakanyanar.com\/ru\/\u0441\u0442\u0430\u0442\u044c\u0438\/\" \/>\n<meta property=\"og:locale\" content=\"ru_RU\" \/>\n<meta property=\"og:type\" content=\"article\" \/>\n<meta property=\"og:title\" content=\"\u0421\u0442\u0430\u0442\u044c\u0438\" \/>\n<meta property=\"og:description\" content=\"Teeth 23 Jan, 2019 Dental Hygiene for Children Duis mollis, est non commodo luctus, nisi erat porttitor ligula, eget lacinia odio sem nec elit. Morbi leo risus, porta ac consectetur ac, vestibu lum at eros. Nulla vitae elit libero, a pharetra augue. Read More Oral 22 Jan, 2019 Improvements In Technology Duis mollis, est non [&hellip;]\" \/>\n<meta property=\"og:url\" content=\"https:\/\/www.hakanyanar.com\/ru\/\u0441\u0442\u0430\u0442\u044c\u0438\/\" \/>\n<meta property=\"og:site_name\" content=\"Prof. Dr. Hakan Yanar\" \/>\n<meta property=\"article:publisher\" content=\"https:\/\/www.facebook.com\/profdrhakantyanar\" \/>\n<meta property=\"article:modified_time\" content=\"2025-06-08T15:51:01+00:00\" \/>\n<meta property=\"og:image\" content=\"http:\/\/dentiq-demo.pbminfotech.com\/elementor-datasite\/wp-content\/uploads\/sites\/13\/2019\/01\/blog-01-770x500.jpg\" \/>\n<meta name=\"twitter:card\" content=\"summary_large_image\" \/>\n<meta name=\"twitter:site\" content=\"@htyanar\" \/>\n<meta name=\"twitter:label1\" content=\"\u041f\u0440\u0438\u043c\u0435\u0440\u043d\u043e\u0435 \u0432\u0440\u0435\u043c\u044f \u0434\u043b\u044f \u0447\u0442\u0435\u043d\u0438\u044f\" \/>\n\t<meta name=\"twitter:data1\" content=\"2 \u043c\u0438\u043d\u0443\u0442\u044b\" \/>\n<script type=\"application\/ld+json\" class=\"yoast-schema-graph\">{\"@context\":\"https:\\\/\\\/schema.org\",\"@graph\":[{\"@type\":\"Article\",\"@id\":\"https:\\\/\\\/www.hakanyanar.com\\\/ru\\\/%d1%81%d1%82%d0%b0%d1%82%d1%8c%d0%b8\\\/#article\",\"isPartOf\":{\"@id\":\"https:\\\/\\\/www.hakanyanar.com\\\/ru\\\/%d1%81%d1%82%d0%b0%d1%82%d1%8c%d0%b8\\\/\"},\"author\":{\"name\":\"Prof. Dr. Hakan Yanar\",\"@id\":\"https:\\\/\\\/www.hakanyanar.com\\\/en\\\/#\\\/schema\\\/person\\\/a25b7521262fcdb4bf0748ec6b2a0b8a\"},\"headline\":\"\u0421\u0442\u0430\u0442\u044c\u0438\",\"datePublished\":\"2018-11-30T07:41:35+00:00\",\"dateModified\":\"2025-06-08T15:51:01+00:00\",\"mainEntityOfPage\":{\"@id\":\"https:\\\/\\\/www.hakanyanar.com\\\/ru\\\/%d1%81%d1%82%d0%b0%d1%82%d1%8c%d0%b8\\\/\"},\"wordCount\":387,\"publisher\":{\"@id\":\"https:\\\/\\\/www.hakanyanar.com\\\/en\\\/#\\\/schema\\\/person\\\/a25b7521262fcdb4bf0748ec6b2a0b8a\"},\"image\":{\"@id\":\"https:\\\/\\\/www.hakanyanar.com\\\/ru\\\/%d1%81%d1%82%d0%b0%d1%82%d1%8c%d0%b8\\\/#primaryimage\"},\"thumbnailUrl\":\"http:\\\/\\\/dentiq-demo.pbminfotech.com\\\/elementor-datasite\\\/wp-content\\\/uploads\\\/sites\\\/13\\\/2019\\\/01\\\/blog-01-770x500.jpg\",\"inLanguage\":\"ru-RU\"},{\"@type\":[\"WebPage\",\"MedicalWebPage\"],\"@id\":\"https:\\\/\\\/www.hakanyanar.com\\\/ru\\\/%d1%81%d1%82%d0%b0%d1%82%d1%8c%d0%b8\\\/\",\"url\":\"https:\\\/\\\/www.hakanyanar.com\\\/ru\\\/%d1%81%d1%82%d0%b0%d1%82%d1%8c%d0%b8\\\/\",\"name\":\"\u0421\u0442\u0430\u0442\u044c\u0438 &#8212; Prof. Dr. Hakan Yanar\",\"isPartOf\":{\"@id\":\"https:\\\/\\\/www.hakanyanar.com\\\/en\\\/#website\"},\"primaryImageOfPage\":{\"@id\":\"https:\\\/\\\/www.hakanyanar.com\\\/ru\\\/%d1%81%d1%82%d0%b0%d1%82%d1%8c%d0%b8\\\/#primaryimage\"},\"image\":{\"@id\":\"https:\\\/\\\/www.hakanyanar.com\\\/ru\\\/%d1%81%d1%82%d0%b0%d1%82%d1%8c%d0%b8\\\/#primaryimage\"},\"thumbnailUrl\":\"http:\\\/\\\/dentiq-demo.pbminfotech.com\\\/elementor-datasite\\\/wp-content\\\/uploads\\\/sites\\\/13\\\/2019\\\/01\\\/blog-01-770x500.jpg\",\"datePublished\":\"2018-11-30T07:41:35+00:00\",\"dateModified\":\"2025-06-08T15:51:01+00:00\",\"breadcrumb\":{\"@id\":\"https:\\\/\\\/www.hakanyanar.com\\\/ru\\\/%d1%81%d1%82%d0%b0%d1%82%d1%8c%d0%b8\\\/#breadcrumb\"},\"inLanguage\":\"ru-RU\",\"potentialAction\":[{\"@type\":\"ReadAction\",\"target\":[\"https:\\\/\\\/www.hakanyanar.com\\\/ru\\\/%d1%81%d1%82%d0%b0%d1%82%d1%8c%d0%b8\\\/\"]}]},{\"@type\":\"ImageObject\",\"inLanguage\":\"ru-RU\",\"@id\":\"https:\\\/\\\/www.hakanyanar.com\\\/ru\\\/%d1%81%d1%82%d0%b0%d1%82%d1%8c%d0%b8\\\/#primaryimage\",\"url\":\"http:\\\/\\\/dentiq-demo.pbminfotech.com\\\/elementor-datasite\\\/wp-content\\\/uploads\\\/sites\\\/13\\\/2019\\\/01\\\/blog-01-770x500.jpg\",\"contentUrl\":\"http:\\\/\\\/dentiq-demo.pbminfotech.com\\\/elementor-datasite\\\/wp-content\\\/uploads\\\/sites\\\/13\\\/2019\\\/01\\\/blog-01-770x500.jpg\"},{\"@type\":\"BreadcrumbList\",\"@id\":\"https:\\\/\\\/www.hakanyanar.com\\\/ru\\\/%d1%81%d1%82%d0%b0%d1%82%d1%8c%d0%b8\\\/#breadcrumb\",\"itemListElement\":[{\"@type\":\"ListItem\",\"position\":1,\"name\":\"Anasayfa\",\"item\":\"https:\\\/\\\/www.hakanyanar.com\\\/ru\\\/\"},{\"@type\":\"ListItem\",\"position\":2,\"name\":\"\u0421\u0442\u0430\u0442\u044c\u0438\"}]},{\"@type\":\"WebSite\",\"@id\":\"https:\\\/\\\/www.hakanyanar.com\\\/en\\\/#website\",\"url\":\"https:\\\/\\\/www.hakanyanar.com\\\/en\\\/\",\"name\":\"Prof. Dr. Hakan Yanar\",\"description\":\"\u0130stanbul \u00dcniversitesi \u0130stanbul T\u0131p Fak\u00fcltesi Genel Cerrahi Anabilim Dal\u0131\",\"publisher\":{\"@id\":\"https:\\\/\\\/www.hakanyanar.com\\\/en\\\/#\\\/schema\\\/person\\\/a25b7521262fcdb4bf0748ec6b2a0b8a\"},\"potentialAction\":[{\"@type\":\"SearchAction\",\"target\":{\"@type\":\"EntryPoint\",\"urlTemplate\":\"https:\\\/\\\/www.hakanyanar.com\\\/en\\\/?s={search_term_string}\"},\"query-input\":{\"@type\":\"PropertyValueSpecification\",\"valueRequired\":true,\"valueName\":\"search_term_string\"}}],\"inLanguage\":\"ru-RU\"},{\"@type\":[\"Person\",\"Organization\"],\"@id\":\"https:\\\/\\\/www.hakanyanar.com\\\/en\\\/#\\\/schema\\\/person\\\/a25b7521262fcdb4bf0748ec6b2a0b8a\",\"name\":\"Prof. Dr. Hakan Yanar\",\"image\":{\"@type\":\"ImageObject\",\"inLanguage\":\"ru-RU\",\"@id\":\"https:\\\/\\\/i0.wp.com\\\/hakanyanar.com\\\/wp-content\\\/uploads\\\/2022\\\/01\\\/hakanyanarliv.png?fit=1200%2C1200&ssl=1\",\"url\":\"https:\\\/\\\/i0.wp.com\\\/hakanyanar.com\\\/wp-content\\\/uploads\\\/2022\\\/01\\\/hakanyanarliv.png?fit=1200%2C1200&ssl=1\",\"contentUrl\":\"https:\\\/\\\/i0.wp.com\\\/hakanyanar.com\\\/wp-content\\\/uploads\\\/2022\\\/01\\\/hakanyanarliv.png?fit=1200%2C1200&ssl=1\",\"width\":1200,\"height\":1200,\"caption\":\"Prof. Dr. Hakan Yanar\"},\"logo\":{\"@id\":\"https:\\\/\\\/i0.wp.com\\\/hakanyanar.com\\\/wp-content\\\/uploads\\\/2022\\\/01\\\/hakanyanarliv.png?fit=1200%2C1200&ssl=1\"},\"description\":\"Prof.Dr. Hakan Yanar 1971 y\u0131l\u0131nda Denizli\u2019 de do\u011fdu. \u0130lk, orta ve lise \u00f6\u011frenimini Denizli\u2019 de tamamlamas\u0131n\u0131 takiben 1988\u2019de \u0130stanbul T\u0131p Fak\u00fcltesini kazand\u0131. Cerrahi int\u00f6rnl\u00fc\u011f\u00fcn\u00fc University of Colorado Health Science Center, Denver Colorado\u2019 da tamamlad\u0131. Mecburi hizmetini 1995-1996 y\u0131llar\u0131 aras\u0131nda Isparta\u2019da, askerlik hizmetini Nisan 2000\u2019de Tunceli\u2019 de yerine getirdi. 1996 y\u0131l\u0131nda \u0130stanbul T\u0131p Fak\u00fcltesi Genel Cerrahi Anabilim Dal\u0131\u2019nda ba\u015flad\u0131\u011f\u0131 Genel Cerrahi ihtisas\u0131n\u0131 \u201cKolon anastomozlar\u0131nda skar dokusu olu\u015fumu ve latirojen ila\u00e7lar\u0131n etkisi\u201d isimli tez ile Haziran 2001\u2019 de tamamlad\u0131. \u015eubat 2006-\u015eubat 2007 aras\u0131nda University of Southern California Medical Center, Department of General Surgery, Los Angeles, ABD\u2019 de \u00e7al\u0131\u015ft\u0131. Primer cerrahi ilgi alan\u0131 gastrointestinal hastal\u0131klar, mide, kolon ve rektum kanseri ba\u015fta olmak onkolojik cerrahi olgular\u0131n laparoskopik tedavisi \u00fczerine odaklanm\u0131\u015ft\u0131r. \u201cRobotik Cerrahi\u201d ve \u201cCytoreductive surgery (CRS) and Hypertermic intraperitoneal chemotherapy (HIPEC) in Peritoneal Surface Malignancy\u201d sertifikalar\u0131na sahiptir. T\u00fcrk Cerrahi Derne\u011fi, Hepato-Pankreato-Bilier Cerrahi Derne\u011fi, \u0130stanbul Tabib Odas\u0131 \u00fcyesi, Ulusal Travma ve Acil Cerrahi Derne\u011fi ile Ulusal Endoskopik Laparoskopik Cerrahi Derne\u011fi y\u00f6netim kurulu \u00fcyesidir. Ulusal Travma ve Acil Cerrahi Dergisi\u2019nde yard\u0131mc\u0131 edit\u00f6rl\u00fck, European Society of Trauma and Emergency Surgery (ESTES) Emergency Section\u2019 da Chairman ve T\u00fcrkiye delegeli\u011fi g\u00f6revlerini yerine getirmektedir. Elli uluslararas\u0131, 20 ulusal \u00e7al\u0131\u015fmas\u0131hakemli dergilerde yay\u0131nlanm\u0131\u015ft\u0131r. \u0130ki uluslararas\u0131, on ulusal kitap b\u00f6l\u00fcm\u00fc bulunmaktad\u0131r. \u00c7ok say\u0131da s\u00f6zl\u00fc ve poster sunumu, yurt i\u00e7i ve yurt d\u0131\u015f\u0131 panel ve sempozyum konu\u015fmalar\u0131 ger\u00e7ekle\u015ftirmi\u015ftir. \u0130ki uluslararas\u0131, \u00e7ok say\u0131da ulusal kitap b\u00f6l\u00fcm\u00fc yaz\u0131m\u0131 ve \u00e7evirisi bulunmaktad\u0131r. Ekim 2008\u2019 de Do\u00e7ent, Mart 2014\u2032te profes\u00f6r \u00fcnvan\u0131n\u0131 alan Prof.Dr. Hakan Yanar \u0130ngilizce bilmektedir. Evli, bir k\u0131z ve bir erkek \u00e7ocuk babas\u0131d\u0131r.\",\"sameAs\":[\"https:\\\/\\\/hakanyanar.com\",\"https:\\\/\\\/www.facebook.com\\\/profdrhakantyanar\",\"https:\\\/\\\/www.instagram.com\\\/prof.dr.hakanyanar\\\/\",\"https:\\\/\\\/www.linkedin.com\\\/in\\\/prof-dr-hakan-yanar\\\/\",\"https:\\\/\\\/x.com\\\/https:\\\/\\\/twitter.com\\\/htyanar\",\"https:\\\/\\\/www.youtube.com\\\/channel\\\/UCE5s8CGZzB4o2Pr1bxXKNRQ\"],\"honorificPrefix\":\"Prof. Dr\",\"honorificSuffix\":\"PhD\",\"gender\":\"male\",\"knowsAbout\":[\"Cytoreductive surgery\",\"Kolon ve rektum kanseri\",\"Selim anorektal hastal\u0131klar (hemoroidal hastal\u0131k\",\"anal fiss\u00fcr (makat \u00e7atla\u011f\u0131) ameliyats\u0131z tedavisi\",\"perianal fist\u00fcl\"]}]}<\/script>\n<!-- \/ Yoast SEO Premium plugin. -->","yoast_head_json":{"title":"\u0421\u0442\u0430\u0442\u044c\u0438 &#8212; Prof. Dr. Hakan Yanar","robots":{"index":"index","follow":"follow","max-snippet":"max-snippet:-1","max-image-preview":"max-image-preview:large","max-video-preview":"max-video-preview:-1"},"canonical":"https:\/\/www.hakanyanar.com\/ru\/\u0441\u0442\u0430\u0442\u044c\u0438\/","og_locale":"ru_RU","og_type":"article","og_title":"\u0421\u0442\u0430\u0442\u044c\u0438","og_description":"Teeth 23 Jan, 2019 Dental Hygiene for Children Duis mollis, est non commodo luctus, nisi erat porttitor ligula, eget lacinia odio sem nec elit. Morbi leo risus, porta ac consectetur ac, vestibu lum at eros. Nulla vitae elit libero, a pharetra augue. Read More Oral 22 Jan, 2019 Improvements In Technology Duis mollis, est non [&hellip;]","og_url":"https:\/\/www.hakanyanar.com\/ru\/\u0441\u0442\u0430\u0442\u044c\u0438\/","og_site_name":"Prof. Dr. Hakan Yanar","article_publisher":"https:\/\/www.facebook.com\/profdrhakantyanar","article_modified_time":"2025-06-08T15:51:01+00:00","og_image":[{"url":"http:\/\/dentiq-demo.pbminfotech.com\/elementor-datasite\/wp-content\/uploads\/sites\/13\/2019\/01\/blog-01-770x500.jpg","type":"","width":"","height":""}],"twitter_card":"summary_large_image","twitter_site":"@htyanar","twitter_misc":{"\u041f\u0440\u0438\u043c\u0435\u0440\u043d\u043e\u0435 \u0432\u0440\u0435\u043c\u044f \u0434\u043b\u044f \u0447\u0442\u0435\u043d\u0438\u044f":"2 \u043c\u0438\u043d\u0443\u0442\u044b"},"schema":{"@context":"https:\/\/schema.org","@graph":[{"@type":"Article","@id":"https:\/\/www.hakanyanar.com\/ru\/%d1%81%d1%82%d0%b0%d1%82%d1%8c%d0%b8\/#article","isPartOf":{"@id":"https:\/\/www.hakanyanar.com\/ru\/%d1%81%d1%82%d0%b0%d1%82%d1%8c%d0%b8\/"},"author":{"name":"Prof. Dr. Hakan Yanar","@id":"https:\/\/www.hakanyanar.com\/en\/#\/schema\/person\/a25b7521262fcdb4bf0748ec6b2a0b8a"},"headline":"\u0421\u0442\u0430\u0442\u044c\u0438","datePublished":"2018-11-30T07:41:35+00:00","dateModified":"2025-06-08T15:51:01+00:00","mainEntityOfPage":{"@id":"https:\/\/www.hakanyanar.com\/ru\/%d1%81%d1%82%d0%b0%d1%82%d1%8c%d0%b8\/"},"wordCount":387,"publisher":{"@id":"https:\/\/www.hakanyanar.com\/en\/#\/schema\/person\/a25b7521262fcdb4bf0748ec6b2a0b8a"},"image":{"@id":"https:\/\/www.hakanyanar.com\/ru\/%d1%81%d1%82%d0%b0%d1%82%d1%8c%d0%b8\/#primaryimage"},"thumbnailUrl":"http:\/\/dentiq-demo.pbminfotech.com\/elementor-datasite\/wp-content\/uploads\/sites\/13\/2019\/01\/blog-01-770x500.jpg","inLanguage":"ru-RU"},{"@type":["WebPage","MedicalWebPage"],"@id":"https:\/\/www.hakanyanar.com\/ru\/%d1%81%d1%82%d0%b0%d1%82%d1%8c%d0%b8\/","url":"https:\/\/www.hakanyanar.com\/ru\/%d1%81%d1%82%d0%b0%d1%82%d1%8c%d0%b8\/","name":"\u0421\u0442\u0430\u0442\u044c\u0438 &#8212; Prof. Dr. Hakan Yanar","isPartOf":{"@id":"https:\/\/www.hakanyanar.com\/en\/#website"},"primaryImageOfPage":{"@id":"https:\/\/www.hakanyanar.com\/ru\/%d1%81%d1%82%d0%b0%d1%82%d1%8c%d0%b8\/#primaryimage"},"image":{"@id":"https:\/\/www.hakanyanar.com\/ru\/%d1%81%d1%82%d0%b0%d1%82%d1%8c%d0%b8\/#primaryimage"},"thumbnailUrl":"http:\/\/dentiq-demo.pbminfotech.com\/elementor-datasite\/wp-content\/uploads\/sites\/13\/2019\/01\/blog-01-770x500.jpg","datePublished":"2018-11-30T07:41:35+00:00","dateModified":"2025-06-08T15:51:01+00:00","breadcrumb":{"@id":"https:\/\/www.hakanyanar.com\/ru\/%d1%81%d1%82%d0%b0%d1%82%d1%8c%d0%b8\/#breadcrumb"},"inLanguage":"ru-RU","potentialAction":[{"@type":"ReadAction","target":["https:\/\/www.hakanyanar.com\/ru\/%d1%81%d1%82%d0%b0%d1%82%d1%8c%d0%b8\/"]}]},{"@type":"ImageObject","inLanguage":"ru-RU","@id":"https:\/\/www.hakanyanar.com\/ru\/%d1%81%d1%82%d0%b0%d1%82%d1%8c%d0%b8\/#primaryimage","url":"http:\/\/dentiq-demo.pbminfotech.com\/elementor-datasite\/wp-content\/uploads\/sites\/13\/2019\/01\/blog-01-770x500.jpg","contentUrl":"http:\/\/dentiq-demo.pbminfotech.com\/elementor-datasite\/wp-content\/uploads\/sites\/13\/2019\/01\/blog-01-770x500.jpg"},{"@type":"BreadcrumbList","@id":"https:\/\/www.hakanyanar.com\/ru\/%d1%81%d1%82%d0%b0%d1%82%d1%8c%d0%b8\/#breadcrumb","itemListElement":[{"@type":"ListItem","position":1,"name":"Anasayfa","item":"https:\/\/www.hakanyanar.com\/ru\/"},{"@type":"ListItem","position":2,"name":"\u0421\u0442\u0430\u0442\u044c\u0438"}]},{"@type":"WebSite","@id":"https:\/\/www.hakanyanar.com\/en\/#website","url":"https:\/\/www.hakanyanar.com\/en\/","name":"Prof. Dr. Hakan Yanar","description":"\u0130stanbul \u00dcniversitesi \u0130stanbul T\u0131p Fak\u00fcltesi Genel Cerrahi Anabilim Dal\u0131","publisher":{"@id":"https:\/\/www.hakanyanar.com\/en\/#\/schema\/person\/a25b7521262fcdb4bf0748ec6b2a0b8a"},"potentialAction":[{"@type":"SearchAction","target":{"@type":"EntryPoint","urlTemplate":"https:\/\/www.hakanyanar.com\/en\/?s={search_term_string}"},"query-input":{"@type":"PropertyValueSpecification","valueRequired":true,"valueName":"search_term_string"}}],"inLanguage":"ru-RU"},{"@type":["Person","Organization"],"@id":"https:\/\/www.hakanyanar.com\/en\/#\/schema\/person\/a25b7521262fcdb4bf0748ec6b2a0b8a","name":"Prof. Dr. Hakan Yanar","image":{"@type":"ImageObject","inLanguage":"ru-RU","@id":"https:\/\/i0.wp.com\/hakanyanar.com\/wp-content\/uploads\/2022\/01\/hakanyanarliv.png?fit=1200%2C1200&ssl=1","url":"https:\/\/i0.wp.com\/hakanyanar.com\/wp-content\/uploads\/2022\/01\/hakanyanarliv.png?fit=1200%2C1200&ssl=1","contentUrl":"https:\/\/i0.wp.com\/hakanyanar.com\/wp-content\/uploads\/2022\/01\/hakanyanarliv.png?fit=1200%2C1200&ssl=1","width":1200,"height":1200,"caption":"Prof. Dr. Hakan Yanar"},"logo":{"@id":"https:\/\/i0.wp.com\/hakanyanar.com\/wp-content\/uploads\/2022\/01\/hakanyanarliv.png?fit=1200%2C1200&ssl=1"},"description":"Prof.Dr. Hakan Yanar 1971 y\u0131l\u0131nda Denizli\u2019 de do\u011fdu. \u0130lk, orta ve lise \u00f6\u011frenimini Denizli\u2019 de tamamlamas\u0131n\u0131 takiben 1988\u2019de \u0130stanbul T\u0131p Fak\u00fcltesini kazand\u0131. Cerrahi int\u00f6rnl\u00fc\u011f\u00fcn\u00fc University of Colorado Health Science Center, Denver Colorado\u2019 da tamamlad\u0131. Mecburi hizmetini 1995-1996 y\u0131llar\u0131 aras\u0131nda Isparta\u2019da, askerlik hizmetini Nisan 2000\u2019de Tunceli\u2019 de yerine getirdi. 1996 y\u0131l\u0131nda \u0130stanbul T\u0131p Fak\u00fcltesi Genel Cerrahi Anabilim Dal\u0131\u2019nda ba\u015flad\u0131\u011f\u0131 Genel Cerrahi ihtisas\u0131n\u0131 \u201cKolon anastomozlar\u0131nda skar dokusu olu\u015fumu ve latirojen ila\u00e7lar\u0131n etkisi\u201d isimli tez ile Haziran 2001\u2019 de tamamlad\u0131. \u015eubat 2006-\u015eubat 2007 aras\u0131nda University of Southern California Medical Center, Department of General Surgery, Los Angeles, ABD\u2019 de \u00e7al\u0131\u015ft\u0131. Primer cerrahi ilgi alan\u0131 gastrointestinal hastal\u0131klar, mide, kolon ve rektum kanseri ba\u015fta olmak onkolojik cerrahi olgular\u0131n laparoskopik tedavisi \u00fczerine odaklanm\u0131\u015ft\u0131r. \u201cRobotik Cerrahi\u201d ve \u201cCytoreductive surgery (CRS) and Hypertermic intraperitoneal chemotherapy (HIPEC) in Peritoneal Surface Malignancy\u201d sertifikalar\u0131na sahiptir. T\u00fcrk Cerrahi Derne\u011fi, Hepato-Pankreato-Bilier Cerrahi Derne\u011fi, \u0130stanbul Tabib Odas\u0131 \u00fcyesi, Ulusal Travma ve Acil Cerrahi Derne\u011fi ile Ulusal Endoskopik Laparoskopik Cerrahi Derne\u011fi y\u00f6netim kurulu \u00fcyesidir. Ulusal Travma ve Acil Cerrahi Dergisi\u2019nde yard\u0131mc\u0131 edit\u00f6rl\u00fck, European Society of Trauma and Emergency Surgery (ESTES) Emergency Section\u2019 da Chairman ve T\u00fcrkiye delegeli\u011fi g\u00f6revlerini yerine getirmektedir. Elli uluslararas\u0131, 20 ulusal \u00e7al\u0131\u015fmas\u0131hakemli dergilerde yay\u0131nlanm\u0131\u015ft\u0131r. \u0130ki uluslararas\u0131, on ulusal kitap b\u00f6l\u00fcm\u00fc bulunmaktad\u0131r. \u00c7ok say\u0131da s\u00f6zl\u00fc ve poster sunumu, yurt i\u00e7i ve yurt d\u0131\u015f\u0131 panel ve sempozyum konu\u015fmalar\u0131 ger\u00e7ekle\u015ftirmi\u015ftir. \u0130ki uluslararas\u0131, \u00e7ok say\u0131da ulusal kitap b\u00f6l\u00fcm\u00fc yaz\u0131m\u0131 ve \u00e7evirisi bulunmaktad\u0131r. Ekim 2008\u2019 de Do\u00e7ent, Mart 2014\u2032te profes\u00f6r \u00fcnvan\u0131n\u0131 alan Prof.Dr. Hakan Yanar \u0130ngilizce bilmektedir. Evli, bir k\u0131z ve bir erkek \u00e7ocuk babas\u0131d\u0131r.","sameAs":["https:\/\/hakanyanar.com","https:\/\/www.facebook.com\/profdrhakantyanar","https:\/\/www.instagram.com\/prof.dr.hakanyanar\/","https:\/\/www.linkedin.com\/in\/prof-dr-hakan-yanar\/","https:\/\/x.com\/https:\/\/twitter.com\/htyanar","https:\/\/www.youtube.com\/channel\/UCE5s8CGZzB4o2Pr1bxXKNRQ"],"honorificPrefix":"Prof. Dr","honorificSuffix":"PhD","gender":"male","knowsAbout":["Cytoreductive surgery","Kolon ve rektum kanseri","Selim anorektal hastal\u0131klar (hemoroidal hastal\u0131k","anal fiss\u00fcr (makat \u00e7atla\u011f\u0131) ameliyats\u0131z tedavisi","perianal fist\u00fcl"]}]}},"_links":{"self":[{"href":"https:\/\/www.hakanyanar.com\/ru\/wp-json\/wp\/v2\/pages\/16002","targetHints":{"allow":["GET"]}}],"collection":[{"href":"https:\/\/www.hakanyanar.com\/ru\/wp-json\/wp\/v2\/pages"}],"about":[{"href":"https:\/\/www.hakanyanar.com\/ru\/wp-json\/wp\/v2\/types\/page"}],"author":[{"embeddable":true,"href":"https:\/\/www.hakanyanar.com\/ru\/wp-json\/wp\/v2\/users\/1"}],"replies":[{"embeddable":true,"href":"https:\/\/www.hakanyanar.com\/ru\/wp-json\/wp\/v2\/comments?post=16002"}],"version-history":[{"count":1,"href":"https:\/\/www.hakanyanar.com\/ru\/wp-json\/wp\/v2\/pages\/16002\/revisions"}],"predecessor-version":[{"id":16003,"href":"https:\/\/www.hakanyanar.com\/ru\/wp-json\/wp\/v2\/pages\/16002\/revisions\/16003"}],"wp:attachment":[{"href":"https:\/\/www.hakanyanar.com\/ru\/wp-json\/wp\/v2\/media?parent=16002"}],"curies":[{"name":"wp","href":"https:\/\/api.w.org\/{rel}","templated":true}]}}